{"id":5574,"date":"2022-10-26T07:26:30","date_gmt":"2022-10-26T07:26:30","guid":{"rendered":"https:\/\/prameni.cz\/?page_id=5574"},"modified":"2022-12-02T13:43:37","modified_gmt":"2022-12-02T13:43:37","slug":"art-projects","status":"publish","type":"page","link":"https:\/\/prameni.cz\/cs\/art-projects\/","title":{"rendered":"Um\u011bn\u00ed"},"content":{"rendered":"<div data-elementor-type=\"wp-page\" data-elementor-id=\"5574\" class=\"elementor elementor-5574\">\n\t\t\t\t\t\t<section class=\"elementor-section elementor-top-section elementor-element elementor-element-aa3199c elementor-section-full_width elementor-section-height-default elementor-section-height-default\" data-id=\"aa3199c\" data-element_type=\"section\" data-e-type=\"section\">\n\t\t\t\t\t\t<div class=\"elementor-container elementor-column-gap-extended\">\n\t\t\t\t\t<div class=\"elementor-column elementor-col-100 elementor-top-column elementor-element elementor-element-cf93316 sc_inner_width_none sc_layouts_column_icons_position_left\" data-id=\"cf93316\" data-element_type=\"column\" data-e-type=\"column\">\n\t\t\t<div class=\"elementor-widget-wrap elementor-element-populated\">\n\t\t\t\t\t\t<div class=\"elementor-element elementor-element-c788013 sc_fly_static elementor-widget elementor-widget-trx_sc_services\" data-id=\"c788013\" data-element_type=\"widget\" data-e-type=\"widget\" data-widget_type=\"trx_sc_services.default\">\n\t\t\t\t<div class=\"elementor-widget-container\">\n\t\t\t\t\t<div id=\"trx_sc_services_797567513\" class=\"sc_services sc_services_default sc_services_featured_top\"><div class=\"sc_item_descr sc_services_descr sc_align_center\"><p>Projekty Pramen\u00ed jsou mnohdy experiment\u00e1ln\u00ed a multi\u017e\u00e1nrov\u00e9. Zkoumaj\u00ed \u201ct\u0159et\u00ed mysl\u201d a otev\u00edraj\u00ed \u201ct\u0159et\u00ed dve\u0159e\u201d - alchymii tvo\u0159en\u00ed v p\u0159\u00edtomn\u00e9m okam\u017eiku, improvizaci a spolupr\u00e1ci.<\/p>\n<p>Akce a festivaly Pramen\u00ed p\u0159ivedly do Prahy lidi z v\u00edce ne\u017e 40 zem\u00ed, aby spole\u010dn\u011b oslavovali lidsk\u00e9ho ducha skrz tanec, performance, hudbu, literaturu, film a vizu\u00e1ln\u00ed um\u011bn\u00ed.<\/p>\n<\/div><div class=\"sc_services_columns_wrap sc_item_columns sc_item_posts_container sc_item_columns_3 trx_addons_columns_wrap columns_padding_bottom\"><div class=\"trx_addons_column-1_3\"><div class=\"sc_services_item no_links with_content with_image sc_services_item_featured_top post-404 cpt_services type-cpt_services status-publish has-post-thumbnail hentry cpt_services_group-arts-projects cpt_services_group-jennes-projects cpt_services_group-terezas-projects\">\n\t<div class=\"post_featured with_thumb hover_icon sc_services_item_thumb\"><img fetchpriority=\"high\" decoding=\"async\" width=\"370\" height=\"230\" src=\"https:\/\/prameni.cz\/wp-content\/uploads\/2022\/11\/600388_10150877911185738_1696658867_n.jpg-nggid03283-ngg0dyn-750x500x100-00f0w010c010r110f110r010t010-2-370x230.jpg\" class=\"attachment-vihara-thumb-services size-vihara-thumb-services wp-post-image\" alt=\"\" srcset=\"https:\/\/prameni.cz\/wp-content\/uploads\/2022\/11\/600388_10150877911185738_1696658867_n.jpg-nggid03283-ngg0dyn-750x500x100-00f0w010c010r110f110r010t010-2-370x230.jpg 370w, https:\/\/prameni.cz\/wp-content\/uploads\/2022\/11\/600388_10150877911185738_1696658867_n.jpg-nggid03283-ngg0dyn-750x500x100-00f0w010c010r110f110r010t010-2-18x12.jpg 18w\" sizes=\"(max-width: 370px) 100vw, 370px\" \/>\t\t\t\t\t\t<div class=\"mask\"><\/div>\n\t\t\t\t\t\t\t\t\t<div class=\"icons\"><a href=\"https:\/\/prameni.cz\/cs\/services\/tango-alchemie\/\"  aria-hidden=\"true\" class=\"icon-add\"><\/a><\/div>\n\t\t\t<\/div>\t\n\t<div class=\"sc_services_item_info\">\n\t\t\t\t<div class=\"sc_services_item_header\">\n\t\t\t\t\t\t<h4 class=\"sc_services_item_title\"><a href=\"https:\/\/prameni.cz\/cs\/services\/tango-alchemie\/\">Tango Alchemie<\/a><\/h4>\n\t\t\t\t\t\t\t\t<\/div>\n\t\t\t\t\t\t\t<div class=\"sc_services_item_content\"><p>Prague\u2019s largest event for Argentine Tango began in 2007, and has since become one of the most unique and sought after festivals in the world.<\/p>\n<\/div><div class=\"sc_services_item_button sc_item_button\"><a href=\"https:\/\/prameni.cz\/cs\/services\/tango-alchemie\/\" class=\"sc_button sc_button_default sc_button_size_small\">V\u00edce<\/a><\/div><\/div>\n<\/div>\n<\/div><div class=\"trx_addons_column-1_3\"><div class=\"sc_services_item no_links with_content with_image sc_services_item_featured_top post-5583 cpt_services type-cpt_services status-publish has-post-thumbnail hentry cpt_services_group-arts-projects cpt_services_group-jennes-projects\">\n\t<div class=\"post_featured with_thumb hover_icon sc_services_item_thumb\"><img decoding=\"async\" width=\"370\" height=\"230\" src=\"https:\/\/prameni.cz\/wp-content\/uploads\/2022\/10\/Planet-Tango-project1-370x230.jpg\" class=\"attachment-vihara-thumb-services size-vihara-thumb-services wp-post-image\" alt=\"\" srcset=\"https:\/\/prameni.cz\/wp-content\/uploads\/2022\/10\/Planet-Tango-project1-370x230.jpg 370w, https:\/\/prameni.cz\/wp-content\/uploads\/2022\/10\/Planet-Tango-project1-18x12.jpg 18w\" sizes=\"(max-width: 370px) 100vw, 370px\" \/>\t\t\t\t\t\t<div class=\"mask\"><\/div>\n\t\t\t\t\t\t\t\t\t<div class=\"icons\"><a href=\"https:\/\/prameni.cz\/cs\/services\/planet-tango\/\"  aria-hidden=\"true\" class=\"icon-add\"><\/a><\/div>\n\t\t\t<\/div>\t\n\t<div class=\"sc_services_item_info\">\n\t\t\t\t<div class=\"sc_services_item_header\">\n\t\t\t\t\t\t<h4 class=\"sc_services_item_title\"><a href=\"https:\/\/prameni.cz\/cs\/services\/planet-tango\/\">Planet Tango<\/a><\/h4>\n\t\t\t\t\t\t\t\t<\/div>\n\t\t\t\t\t\t\t<div class=\"sc_services_item_content\"><p>A 24-hour simultaneous global tango dance action to support tree planting and reforestation around the world.<\/p>\n<\/div><div class=\"sc_services_item_button sc_item_button\"><a href=\"https:\/\/prameni.cz\/cs\/services\/planet-tango\/\" class=\"sc_button sc_button_default sc_button_size_small\">V\u00edce<\/a><\/div><\/div>\n<\/div>\n<\/div><div class=\"trx_addons_column-1_3\"><div class=\"sc_services_item no_links with_content with_image sc_services_item_featured_top post-406 cpt_services type-cpt_services status-publish has-post-thumbnail hentry cpt_services_group-arts-projects cpt_services_group-jennes-projects\">\n\t<div class=\"post_featured with_thumb hover_icon sc_services_item_thumb\"><img decoding=\"async\" width=\"370\" height=\"230\" src=\"https:\/\/prameni.cz\/wp-content\/uploads\/2018\/12\/Tietz-1-1024x707-1-370x230.jpg\" class=\"attachment-vihara-thumb-services size-vihara-thumb-services wp-post-image\" alt=\"\" srcset=\"https:\/\/prameni.cz\/wp-content\/uploads\/2018\/12\/Tietz-1-1024x707-1-370x230.jpg 370w, https:\/\/prameni.cz\/wp-content\/uploads\/2018\/12\/Tietz-1-1024x707-1-18x12.jpg 18w\" sizes=\"(max-width: 370px) 100vw, 370px\" \/>\t\t\t\t\t\t<div class=\"mask\"><\/div>\n\t\t\t\t\t\t\t\t\t<div class=\"icons\"><a href=\"https:\/\/prameni.cz\/cs\/services\/tango\/\"  aria-hidden=\"true\" class=\"icon-add\"><\/a><\/div>\n\t\t\t<\/div>\t\n\t<div class=\"sc_services_item_info\">\n\t\t\t\t<div class=\"sc_services_item_header\">\n\t\t\t\t\t\t<h4 class=\"sc_services_item_title\"><a href=\"https:\/\/prameni.cz\/cs\/services\/tango\/\">Tango Industrial<\/a><\/h4>\n\t\t\t\t\t\t\t\t<\/div>\n\t\t\t\t\t\t\t<div class=\"sc_services_item_content\"><p>In May 2014 tango dancers from all over Europe gathered in the city of Chemnitz to honor the birthplace of the bandoneon &#8211; without which the unique sound of Argentine tango would not exist.<\/p>\n<\/div><div class=\"sc_services_item_button sc_item_button\"><a href=\"https:\/\/prameni.cz\/cs\/services\/tango\/\" class=\"sc_button sc_button_default sc_button_size_small\">V\u00edce<\/a><\/div><\/div>\n<\/div>\n<\/div><div class=\"trx_addons_column-1_3\"><div class=\"sc_services_item no_links with_content with_image sc_services_item_featured_top post-329 cpt_services type-cpt_services status-publish has-post-thumbnail hentry cpt_services_group-arts-projects cpt_services_group-jennes-projects\">\n\t<div class=\"post_featured with_thumb hover_icon sc_services_item_thumb\"><img loading=\"lazy\" decoding=\"async\" width=\"282\" height=\"149\" src=\"https:\/\/prameni.cz\/wp-content\/uploads\/2018\/12\/Buenos-Aires-Tango-Praha-A51.png\" class=\"attachment-vihara-thumb-services size-vihara-thumb-services wp-post-image\" alt=\"\" srcset=\"https:\/\/prameni.cz\/wp-content\/uploads\/2018\/12\/Buenos-Aires-Tango-Praha-A51.png 282w, https:\/\/prameni.cz\/wp-content\/uploads\/2018\/12\/Buenos-Aires-Tango-Praha-A51-18x10.png 18w\" sizes=\"(max-width: 282px) 100vw, 282px\" \/>\t\t\t\t\t\t<div class=\"mask\"><\/div>\n\t\t\t\t\t\t\t\t\t<div class=\"icons\"><a href=\"https:\/\/prameni.cz\/cs\/services\/buenos-aires-rango-prague\/\"  aria-hidden=\"true\" class=\"icon-add\"><\/a><\/div>\n\t\t\t<\/div>\t\n\t<div class=\"sc_services_item_info\">\n\t\t\t\t<div class=\"sc_services_item_header\">\n\t\t\t\t\t\t<h4 class=\"sc_services_item_title\"><a href=\"https:\/\/prameni.cz\/cs\/services\/buenos-aires-rango-prague\/\">Buenos Aires : TANGO : Prague<\/a><\/h4>\n\t\t\t\t\t\t\t\t<\/div>\n\t\t\t\t\t\t\t<div class=\"sc_services_item_content\"><p>Photography exhibition of Ishka Michocka, likely the world\u2019s most renowned tango photographer. She has for years travelled documenting the people and the power of the art of Argentine tango.<\/p>\n<\/div><div class=\"sc_services_item_button sc_item_button\"><a href=\"https:\/\/prameni.cz\/cs\/services\/buenos-aires-rango-prague\/\" class=\"sc_button sc_button_default sc_button_size_small\">V\u00edce<\/a><\/div><\/div>\n<\/div>\n<\/div><div class=\"trx_addons_column-1_3\"><div class=\"sc_services_item no_links with_content with_image sc_services_item_featured_top post-1605 cpt_services type-cpt_services status-publish has-post-thumbnail hentry cpt_services_group-arts-projects cpt_services_group-jennes-projects\">\n\t<div class=\"post_featured with_thumb hover_icon sc_services_item_thumb\"><img loading=\"lazy\" decoding=\"async\" width=\"370\" height=\"230\" src=\"https:\/\/prameni.cz\/wp-content\/uploads\/2019\/07\/Tango-Pleasure-683x1024-1-1-370x230.jpg\" class=\"attachment-vihara-thumb-services size-vihara-thumb-services wp-post-image\" alt=\"\" srcset=\"https:\/\/prameni.cz\/wp-content\/uploads\/2019\/07\/Tango-Pleasure-683x1024-1-1-370x230.jpg 370w, https:\/\/prameni.cz\/wp-content\/uploads\/2019\/07\/Tango-Pleasure-683x1024-1-1-18x10.jpg 18w\" sizes=\"(max-width: 370px) 100vw, 370px\" \/>\t\t\t\t\t\t<div class=\"mask\"><\/div>\n\t\t\t\t\t\t\t\t\t<div class=\"icons\"><a href=\"https:\/\/prameni.cz\/cs\/services\/tango-pleasure\/\"  aria-hidden=\"true\" class=\"icon-add\"><\/a><\/div>\n\t\t\t<\/div>\t\n\t<div class=\"sc_services_item_info\">\n\t\t\t\t<div class=\"sc_services_item_header\">\n\t\t\t\t\t\t<h4 class=\"sc_services_item_title\"><a href=\"https:\/\/prameni.cz\/cs\/services\/tango-pleasure\/\">Tango Pleasure<\/a><\/h4>\n\t\t\t\t\t\t\t\t<\/div>\n\t\t\t\t\t\t\t<div class=\"sc_services_item_content\"><p>A photographic exhibition  focuses on the music and dance ofrom another point of view \u2013 tango dancers pictured also by the dancers-amateur photographers.<\/p>\n<\/div><div class=\"sc_services_item_button sc_item_button\"><a href=\"https:\/\/prameni.cz\/cs\/services\/tango-pleasure\/\" class=\"sc_button sc_button_default sc_button_size_small\">V\u00edce<\/a><\/div><\/div>\n<\/div>\n<\/div><div class=\"trx_addons_column-1_3\"><div class=\"sc_services_item no_links with_content with_image sc_services_item_featured_top post-330 cpt_services type-cpt_services status-publish has-post-thumbnail hentry cpt_services_group-arts-projects cpt_services_group-jennes-projects\">\n\t<div class=\"post_featured with_thumb hover_icon sc_services_item_thumb\"><img loading=\"lazy\" decoding=\"async\" width=\"370\" height=\"230\" src=\"https:\/\/prameni.cz\/wp-content\/uploads\/2018\/12\/Zivly-v-Nas-Letni-Dum-1024x499-12-370x230.png\" class=\"attachment-vihara-thumb-services size-vihara-thumb-services wp-post-image\" alt=\"\" \/>\t\t\t\t\t\t<div class=\"mask\"><\/div>\n\t\t\t\t\t\t\t\t\t<div class=\"icons\"><a href=\"https:\/\/prameni.cz\/cs\/services\/tango-elemental\/\"  aria-hidden=\"true\" class=\"icon-add\"><\/a><\/div>\n\t\t\t<\/div>\t\n\t<div class=\"sc_services_item_info\">\n\t\t\t\t<div class=\"sc_services_item_header\">\n\t\t\t\t\t\t<h4 class=\"sc_services_item_title\"><a href=\"https:\/\/prameni.cz\/cs\/services\/tango-elemental\/\">Tango Elemental \u2013 the Elements inside Us<\/a><\/h4>\n\t\t\t\t\t\t\t\t<\/div>\n\t\t\t\t\t\t\t<div class=\"sc_services_item_content\"><p>Photographic exhibition with the theme of tango and the elements. A look inside the dance from inside the community. <\/p>\n<\/div><div class=\"sc_services_item_button sc_item_button\"><a href=\"https:\/\/prameni.cz\/cs\/services\/tango-elemental\/\" class=\"sc_button sc_button_default sc_button_size_small\">V\u00edce<\/a><\/div><\/div>\n<\/div>\n<\/div><div class=\"trx_addons_column-1_3\"><div class=\"sc_services_item no_links with_content with_image sc_services_item_featured_top post-331 cpt_services type-cpt_services status-publish has-post-thumbnail hentry cpt_services_group-arts-projects cpt_services_group-jennes-projects\">\n\t<div class=\"post_featured with_thumb hover_icon sc_services_item_thumb\"><img loading=\"lazy\" decoding=\"async\" width=\"370\" height=\"210\" src=\"https:\/\/prameni.cz\/wp-content\/uploads\/2018\/12\/Sanalan-2-370x210.png\" class=\"attachment-vihara-thumb-services size-vihara-thumb-services wp-post-image\" alt=\"\" srcset=\"https:\/\/prameni.cz\/wp-content\/uploads\/2018\/12\/Sanalan-2-370x210.png 370w, https:\/\/prameni.cz\/wp-content\/uploads\/2018\/12\/Sanalan-2-18x10.png 18w, https:\/\/prameni.cz\/wp-content\/uploads\/2018\/12\/Sanalan-2-270x152.png 270w\" sizes=\"(max-width: 370px) 100vw, 370px\" \/>\t\t\t\t\t\t<div class=\"mask\"><\/div>\n\t\t\t\t\t\t\t\t\t<div class=\"icons\"><a href=\"https:\/\/prameni.cz\/cs\/services\/sanalan\/\"  aria-hidden=\"true\" class=\"icon-add\"><\/a><\/div>\n\t\t\t<\/div>\t\n\t<div class=\"sc_services_item_info\">\n\t\t\t\t<div class=\"sc_services_item_header\">\n\t\t\t\t\t\t<h4 class=\"sc_services_item_title\"><a href=\"https:\/\/prameni.cz\/cs\/services\/sanalan\/\">\u0160analan<\/a><\/h4>\n\t\t\t\t\t\t\t\t<\/div>\n\t\t\t\t\t\t\t<div class=\"sc_services_item_content\"><p>The poetics festival \u0160analan was a major literary event in Prague in 2003. The festival featured artists like Ivan Kl\u00edma, J\u00e1chym Topol, Eva \u0160vankmajerov\u00e1 and Ivan Vysko\u010dil among others.<\/p>\n<\/div><div class=\"sc_services_item_button sc_item_button\"><a href=\"https:\/\/prameni.cz\/cs\/services\/sanalan\/\" class=\"sc_button sc_button_default sc_button_size_small\">V\u00edce<\/a><\/div><\/div>\n<\/div>\n<\/div><div class=\"trx_addons_column-1_3\"><div class=\"sc_services_item no_links with_content with_image sc_services_item_featured_top post-1600 cpt_services type-cpt_services status-publish has-post-thumbnail hentry cpt_services_group-arts-projects cpt_services_group-jennes-projects\">\n\t<div class=\"post_featured with_thumb hover_icon sc_services_item_thumb\"><img loading=\"lazy\" decoding=\"async\" width=\"308\" height=\"211\" src=\"https:\/\/prameni.cz\/wp-content\/uploads\/2019\/07\/Anne-Pavla1-1.jpg\" class=\"attachment-vihara-thumb-services size-vihara-thumb-services wp-post-image\" alt=\"\" srcset=\"https:\/\/prameni.cz\/wp-content\/uploads\/2019\/07\/Anne-Pavla1-1.jpg 308w, https:\/\/prameni.cz\/wp-content\/uploads\/2019\/07\/Anne-Pavla1-1-300x206.jpg 300w, https:\/\/prameni.cz\/wp-content\/uploads\/2019\/07\/Anne-Pavla1-1-18x12.jpg 18w\" sizes=\"(max-width: 308px) 100vw, 308px\" \/>\t\t\t\t\t\t<div class=\"mask\"><\/div>\n\t\t\t\t\t\t\t\t\t<div class=\"icons\"><a href=\"https:\/\/prameni.cz\/cs\/services\/project-2000\/\"  aria-hidden=\"true\" class=\"icon-add\"><\/a><\/div>\n\t\t\t<\/div>\t\n\t<div class=\"sc_services_item_info\">\n\t\t\t\t<div class=\"sc_services_item_header\">\n\t\t\t\t\t\t<h4 class=\"sc_services_item_title\"><a href=\"https:\/\/prameni.cz\/cs\/services\/project-2000\/\">Projekt 2000<\/a><\/h4>\n\t\t\t\t\t\t\t\t<\/div>\n\t\t\t\t\t\t\t<div class=\"sc_services_item_content\"><p>With the theme of &#8220;The Subversive in Voice and Verse&#8221;, our first poetics festival was an extraordinary exploration into pushing the boundaries of expression.<\/p>\n<\/div><div class=\"sc_services_item_button sc_item_button\"><a href=\"https:\/\/prameni.cz\/cs\/services\/project-2000\/\" class=\"sc_button sc_button_default sc_button_size_small\">V\u00edce<\/a><\/div><\/div>\n<\/div>\n<\/div><div class=\"trx_addons_column-1_3\"><div class=\"sc_services_item no_links with_content with_image sc_services_item_featured_top post-1607 cpt_services type-cpt_services status-publish has-post-thumbnail hentry cpt_services_group-arts-projects cpt_services_group-jennes-projects\">\n\t<div class=\"post_featured with_thumb hover_icon sc_services_item_thumb\"><img loading=\"lazy\" decoding=\"async\" width=\"370\" height=\"230\" src=\"https:\/\/prameni.cz\/wp-content\/uploads\/2019\/07\/Dreaming-in-Light-Invitation_send-out-1024x791-1-1-370x230.jpg\" class=\"attachment-vihara-thumb-services size-vihara-thumb-services wp-post-image\" alt=\"\" srcset=\"https:\/\/prameni.cz\/wp-content\/uploads\/2019\/07\/Dreaming-in-Light-Invitation_send-out-1024x791-1-1-370x230.jpg 370w, https:\/\/prameni.cz\/wp-content\/uploads\/2019\/07\/Dreaming-in-Light-Invitation_send-out-1024x791-1-1-18x10.jpg 18w\" sizes=\"(max-width: 370px) 100vw, 370px\" \/>\t\t\t\t\t\t<div class=\"mask\"><\/div>\n\t\t\t\t\t\t\t\t\t<div class=\"icons\"><a href=\"https:\/\/prameni.cz\/cs\/services\/dreaming-in-the-light\/\"  aria-hidden=\"true\" class=\"icon-add\"><\/a><\/div>\n\t\t\t<\/div>\t\n\t<div class=\"sc_services_item_info\">\n\t\t\t\t<div class=\"sc_services_item_header\">\n\t\t\t\t\t\t<h4 class=\"sc_services_item_title\"><a href=\"https:\/\/prameni.cz\/cs\/services\/dreaming-in-the-light\/\">Dreaming in the light<\/a><\/h4>\n\t\t\t\t\t\t\t\t<\/div>\n\t\t\t\t\t\t\t<div class=\"sc_services_item_content\"><p>An exhibition of mixed-media images and accompanying workshops to explore the journey of an inner archeology of transposition<\/p>\n<\/div><div class=\"sc_services_item_button sc_item_button\"><a href=\"https:\/\/prameni.cz\/cs\/services\/dreaming-in-the-light\/\" class=\"sc_button sc_button_default sc_button_size_small\">V\u00edce<\/a><\/div><\/div>\n<\/div>\n<\/div><div class=\"trx_addons_column-1_3\"><div class=\"sc_services_item no_links with_content with_image sc_services_item_featured_top post-5553 cpt_services type-cpt_services status-publish has-post-thumbnail hentry cpt_services_group-arts-projects cpt_services_group-jennes-projects\">\n\t<div class=\"post_featured with_thumb hover_icon sc_services_item_thumb\"><img loading=\"lazy\" decoding=\"async\" width=\"370\" height=\"230\" src=\"https:\/\/prameni.cz\/wp-content\/uploads\/2022\/10\/klee-benally-respect-existence-or-expect-resistance-Cover-Art-370x230.jpg\" class=\"attachment-vihara-thumb-services size-vihara-thumb-services wp-post-image\" alt=\"\" srcset=\"https:\/\/prameni.cz\/wp-content\/uploads\/2022\/10\/klee-benally-respect-existence-or-expect-resistance-Cover-Art-370x230.jpg 370w, https:\/\/prameni.cz\/wp-content\/uploads\/2022\/10\/klee-benally-respect-existence-or-expect-resistance-Cover-Art-18x10.jpg 18w\" sizes=\"(max-width: 370px) 100vw, 370px\" \/>\t\t\t\t\t\t<div class=\"mask\"><\/div>\n\t\t\t\t\t\t\t\t\t<div class=\"icons\"><a href=\"https:\/\/prameni.cz\/cs\/services\/respect-existence\/\"  aria-hidden=\"true\" class=\"icon-add\"><\/a><\/div>\n\t\t\t<\/div>\t\n\t<div class=\"sc_services_item_info\">\n\t\t\t\t<div class=\"sc_services_item_header\">\n\t\t\t\t\t\t<h4 class=\"sc_services_item_title\"><a href=\"https:\/\/prameni.cz\/cs\/services\/respect-existence\/\">Respect Existence or Expect Resistance<\/a><\/h4>\n\t\t\t\t\t\t\t\t<\/div>\n\t\t\t\t\t\t\t<div class=\"sc_services_item_content\"><p>Navajo musician and activist Klee Benally (Blackfire) shares short films, a discussion of protection of sacred sites, and an acoustic performance including traditional songs.<\/p>\n<\/div><div class=\"sc_services_item_button sc_item_button\"><a href=\"https:\/\/prameni.cz\/cs\/services\/respect-existence\/\" class=\"sc_button sc_button_default sc_button_size_small\">V\u00edce<\/a><\/div><\/div>\n<\/div>\n<\/div><\/div><\/div><!-- \/.sc_services -->\t\t\t\t<\/div>\n\t\t\t\t<\/div>\n\t\t\t\t\t<\/div>\n\t\t<\/div>\n\t\t\t\t\t<\/div>\n\t\t<\/section>\n\t\t\t\t<\/div>","protected":false},"excerpt":{"rendered":"<p>Pramen\u00ed projects are often experiential, cross-genre and explore the \u2018Third Mind\u201d or open the \u2018Third Door\u2019\u2014 the alchemy of real-time creation born of improvisation and collaboration. Pramen\u00ed events and festivals&hellip;<\/p>","protected":false},"author":3,"featured_media":5945,"parent":0,"menu_order":0,"comment_status":"closed","ping_status":"closed","template":"","meta":{"give_campaign_id":0,"footnotes":""},"class_list":["post-5574","page","type-page","status-publish","has-post-thumbnail","hentry"],"campaignId":"","_links":{"self":[{"href":"https:\/\/prameni.cz\/cs\/wp-json\/wp\/v2\/pages\/5574","targetHints":{"allow":["GET"]}}],"collection":[{"href":"https:\/\/prameni.cz\/cs\/wp-json\/wp\/v2\/pages"}],"about":[{"href":"https:\/\/prameni.cz\/cs\/wp-json\/wp\/v2\/types\/page"}],"author":[{"embeddable":true,"href":"https:\/\/prameni.cz\/cs\/wp-json\/wp\/v2\/users\/3"}],"replies":[{"embeddable":true,"href":"https:\/\/prameni.cz\/cs\/wp-json\/wp\/v2\/comments?post=5574"}],"version-history":[{"count":39,"href":"https:\/\/prameni.cz\/cs\/wp-json\/wp\/v2\/pages\/5574\/revisions"}],"predecessor-version":[{"id":7209,"href":"https:\/\/prameni.cz\/cs\/wp-json\/wp\/v2\/pages\/5574\/revisions\/7209"}],"wp:featuredmedia":[{"embeddable":true,"href":"https:\/\/prameni.cz\/cs\/wp-json\/wp\/v2\/media\/5945"}],"wp:attachment":[{"href":"https:\/\/prameni.cz\/cs\/wp-json\/wp\/v2\/media?parent=5574"}],"curies":[{"name":"wp","href":"https:\/\/api.w.org\/{rel}","templated":true}]}}