{"id":382,"date":"2018-12-12T12:46:32","date_gmt":"2018-12-12T12:46:32","guid":{"rendered":"https:\/\/prameni.cz\/?page_id=382"},"modified":"2019-01-22T09:22:44","modified_gmt":"2019-01-22T09:22:44","slug":"leadership","status":"publish","type":"page","link":"https:\/\/prameni.cz\/cs\/leadership\/","title":{"rendered":"Leadership"},"content":{"rendered":"<div data-elementor-type=\"wp-post\" data-elementor-id=\"382\" class=\"elementor elementor-382 elementor-bc-flex-widget\">\n\t\t\t\t\t\t<section class=\"elementor-section elementor-top-section elementor-element elementor-element-2a1e1d4 elementor-section-boxed elementor-section-height-default elementor-section-height-default\" data-id=\"2a1e1d4\" data-element_type=\"section\" data-e-type=\"section\">\n\t\t\t\t\t\t<div class=\"elementor-container elementor-column-gap-extended\">\n\t\t\t\t\t<div class=\"elementor-column elementor-col-50 elementor-top-column elementor-element elementor-element-f6c1dde sc_inner_width_none sc_layouts_column_icons_position_left\" data-id=\"f6c1dde\" data-element_type=\"column\" data-e-type=\"column\">\n\t\t\t<div class=\"elementor-widget-wrap elementor-element-populated\">\n\t\t\t\t\t\t<div class=\"elementor-element elementor-element-e178892 sc_fly_static elementor-widget elementor-widget-image\" data-id=\"e178892\" data-element_type=\"widget\" data-e-type=\"widget\" data-widget_type=\"image.default\">\n\t\t\t\t<div class=\"elementor-widget-container\">\n\t\t\t\t\t\t\t\t\t\t\t\t\t\t\t<img fetchpriority=\"high\" decoding=\"async\" width=\"568\" height=\"497\" src=\"https:\/\/prameni.cz\/wp-content\/uploads\/2018\/12\/img-1-copyright.jpg\" class=\"attachment-full size-full wp-image-384\" alt=\"\" srcset=\"https:\/\/prameni.cz\/wp-content\/uploads\/2018\/12\/img-1-copyright.jpg 568w, https:\/\/prameni.cz\/wp-content\/uploads\/2018\/12\/img-1-copyright-300x263.jpg 300w, https:\/\/prameni.cz\/wp-content\/uploads\/2018\/12\/img-1-copyright-370x324.jpg 370w\" sizes=\"(max-width: 568px) 100vw, 568px\" \/>\t\t\t\t\t\t\t\t\t\t\t\t\t\t\t<\/div>\n\t\t\t\t<\/div>\n\t\t\t\t\t<\/div>\n\t\t<\/div>\n\t\t\t\t<div class=\"elementor-column elementor-col-50 elementor-top-column elementor-element elementor-element-f859d52 sc_inner_width_none sc_layouts_column_icons_position_left\" data-id=\"f859d52\" data-element_type=\"column\" data-e-type=\"column\">\n\t\t\t<div class=\"elementor-widget-wrap elementor-element-populated\">\n\t\t\t\t\t\t<div class=\"elementor-element elementor-element-89b228d sc_fly_static elementor-widget elementor-widget-trx_sc_title\" data-id=\"89b228d\" data-element_type=\"widget\" data-e-type=\"widget\" data-widget_type=\"trx_sc_title.default\">\n\t\t\t\t<div class=\"elementor-widget-container\">\n\t\t\t\t\t<div id=\"trx_sc_title_1901754607\"\r\n\t\tclass=\"sc_title sc_title_default\"><span class=\"sc_item_subtitle sc_title_subtitle sc_item_subtitle_above sc_item_title_style_default\">about<\/span><h1 class=\"sc_item_title sc_title_title sc_item_title_style_default sc_item_title_tag\"><span class=\"sc_item_title_text\">The Abbot <br> Rev. Sakda Asnee<\/span><\/h1><\/div><!-- \/.sc_title -->\t\t\t\t<\/div>\n\t\t\t\t<\/div>\n\t\t\t\t<div class=\"elementor-element elementor-element-9ff8b0b sc_fly_static elementor-widget elementor-widget-spacer\" data-id=\"9ff8b0b\" data-element_type=\"widget\" data-e-type=\"widget\" data-widget_type=\"spacer.default\">\n\t\t\t\t<div class=\"elementor-widget-container\">\n\t\t\t\t\t\t\t<div class=\"elementor-spacer\">\n\t\t\t<div class=\"elementor-spacer-inner\"><\/div>\n\t\t<\/div>\n\t\t\t\t\t\t<\/div>\n\t\t\t\t<\/div>\n\t\t\t\t<div class=\"elementor-element elementor-element-a713862 sc_fly_static elementor-widget elementor-widget-text-editor\" data-id=\"a713862\" data-element_type=\"widget\" data-e-type=\"widget\" data-widget_type=\"text-editor.default\">\n\t\t\t\t<div class=\"elementor-widget-container\">\n\t\t\t\t\t\t\t\t\t<p>Lorem ipsum dolor sit amet, consectetuer adipiscing elit, sed diam nonummy nibh euismod tincidunt ut laoreet dolore magna aliquam erat volutpat. Ut wisi enim ad minim veniam, quis nostrud exerci tation ullamcorper suscipit lobortis nisl ut aliquip ex ea commodo consequat. Duis autem vel eum iriure dolor in hendrerit in vulputate velit esse molestie consequat, vel illum dolore eu feugiat nulla facilisis at vero eros et accumsan et iusto odio dignissim qui blandit.<\/p>\t\t\t\t\t\t\t\t<\/div>\n\t\t\t\t<\/div>\n\t\t\t\t<div class=\"elementor-element elementor-element-ee9d692 sc_fly_static elementor-widget elementor-widget-spacer\" data-id=\"ee9d692\" data-element_type=\"widget\" data-e-type=\"widget\" data-widget_type=\"spacer.default\">\n\t\t\t\t<div class=\"elementor-widget-container\">\n\t\t\t\t\t\t\t<div class=\"elementor-spacer\">\n\t\t\t<div class=\"elementor-spacer-inner\"><\/div>\n\t\t<\/div>\n\t\t\t\t\t\t<\/div>\n\t\t\t\t<\/div>\n\t\t\t\t<div class=\"elementor-element elementor-element-e91442d sc_fly_static elementor-widget elementor-widget-trx_widget_socials\" data-id=\"e91442d\" data-element_type=\"widget\" data-e-type=\"widget\" data-widget_type=\"trx_widget_socials.default\">\n\t\t\t\t<div class=\"elementor-widget-container\">\n\t\t\t\t\t<div id=\"trx_widget_socials_1435248350\" class=\"widget_area sc_widget_socials\"><aside id=\"trx_widget_socials_1435248350_widget\" class=\"widget widget_socials\"><div class=\"socials_wrap sc_align_left\"><a target=\"_blank\" href=\"https:\/\/business.facebook.com\/ThemeRexStudio\/\" class=\"social_item social_item_style_icons sc_icon_type_icons social_item_type_icons\"><span class=\"social_icon social_icon_facebook\"><span class=\"icon-facebook\"><\/span><\/span><\/a><a target=\"_blank\" href=\"https:\/\/twitter.com\/ThemerexThemes\" class=\"social_item social_item_style_icons sc_icon_type_icons social_item_type_icons\"><span class=\"social_icon social_icon_twitter\"><span class=\"icon-twitter\"><\/span><\/span><\/a><a target=\"_blank\" href=\"https:\/\/www.youtube.com\/channel\/UCnFisBimrK2aIE-hnY70kCA\" class=\"social_item social_item_style_icons sc_icon_type_icons social_item_type_icons\"><span class=\"social_icon social_icon_youtube-1\"><span class=\"icon-youtube-1\"><\/span><\/span><\/a><\/div><\/aside><\/div>\t\t\t\t<\/div>\n\t\t\t\t<\/div>\n\t\t\t\t\t<\/div>\n\t\t<\/div>\n\t\t\t\t\t<\/div>\n\t\t<\/section>\n\t\t\t\t<section class=\"elementor-section elementor-top-section elementor-element elementor-element-030396c elementor-section-boxed elementor-section-height-default elementor-section-height-default\" data-id=\"030396c\" data-element_type=\"section\" data-e-type=\"section\">\n\t\t\t\t\t\t<div class=\"elementor-container elementor-column-gap-extended\">\n\t\t\t\t\t<div class=\"elementor-column elementor-col-100 elementor-top-column elementor-element elementor-element-4d38ac9 sc_inner_width_none sc_layouts_column_icons_position_left\" data-id=\"4d38ac9\" data-element_type=\"column\" data-e-type=\"column\">\n\t\t\t<div class=\"elementor-widget-wrap elementor-element-populated\">\n\t\t\t\t\t\t<div class=\"elementor-element elementor-element-e77e6b3 sc_fly_static elementor-widget elementor-widget-trx_sc_title\" data-id=\"e77e6b3\" data-element_type=\"widget\" data-e-type=\"widget\" data-widget_type=\"trx_sc_title.default\">\n\t\t\t\t<div class=\"elementor-widget-container\">\n\t\t\t\t\t<div id=\"trx_sc_title_1668154575\"\r\n\t\tclass=\"sc_title sc_title_default\"><span class=\"sc_item_subtitle sc_title_subtitle sc_align_center sc_item_subtitle_above sc_item_title_style_default\">ASSISTANTS<\/span><h1 class=\"sc_item_title sc_title_title sc_align_center sc_item_title_style_default sc_item_title_tag\"><span class=\"sc_item_title_text\">Minister's Assistants<\/span><\/h1><\/div><!-- \/.sc_title -->\t\t\t\t<\/div>\n\t\t\t\t<\/div>\n\t\t\t\t<div class=\"elementor-element elementor-element-debd98b sc_fly_static elementor-widget elementor-widget-spacer\" data-id=\"debd98b\" data-element_type=\"widget\" data-e-type=\"widget\" data-widget_type=\"spacer.default\">\n\t\t\t\t<div class=\"elementor-widget-container\">\n\t\t\t\t\t\t\t<div class=\"elementor-spacer\">\n\t\t\t<div class=\"elementor-spacer-inner\"><\/div>\n\t\t<\/div>\n\t\t\t\t\t\t<\/div>\n\t\t\t\t<\/div>\n\t\t\t\t<div class=\"elementor-element elementor-element-8cd1942 sc_fly_static elementor-widget elementor-widget-trx_sc_team\" data-id=\"8cd1942\" data-element_type=\"widget\" data-e-type=\"widget\" data-widget_type=\"trx_sc_team.default\">\n\t\t\t\t<div class=\"elementor-widget-container\">\n\t\t\t\t\t<div  id=\"trx_sc_team_442592090\"\t\tclass=\"sc_team sc_team_short\"><div class=\"sc_team_columns_wrap sc_item_columns sc_item_posts_container trx_addons_columns_wrap columns_padding_bottom\"><div class=\"trx_addons_column-1_3\"><div class=\"sc_team_item no_links post-376 cpt_team type-cpt_team status-publish has-post-thumbnail hentry\">\n\t<div class=\"post_featured sc_team_item_thumb trx_addons_hover trx_addons_hover_style_info\"><a href=\"https:\/\/prameni.cz\/cs\/team\/darya-varkovich\/\" aria-hidden=\"true\"><img decoding=\"async\" width=\"370\" height=\"400\" src=\"https:\/\/prameni.cz\/wp-content\/uploads\/2022\/11\/IMG_50085810-modified-370x400.png\" class=\"attachment-vihara-thumb-team size-vihara-thumb-team wp-post-image\" alt=\"\" srcset=\"https:\/\/prameni.cz\/wp-content\/uploads\/2022\/11\/IMG_50085810-modified-370x400.png 370w, https:\/\/prameni.cz\/wp-content\/uploads\/2022\/11\/IMG_50085810-modified-12x12.png 12w\" sizes=\"(max-width: 370px) 100vw, 370px\" \/><\/a><div class=\"trx_addons_hover_content\"><div class=\"sc_team_item_socials socials_wrap trx_addons_hover_info\"><\/div><\/div><div class=\"trx_addons_hover_mask\"><\/div><\/div>\t<div class=\"sc_team_item_info\">\n\t\t<div class=\"sc_team_item_header\">\n\t\t\t<h4 class=\"sc_team_item_title\"><a href=\"https:\/\/prameni.cz\/cs\/team\/darya-varkovich\/\">Darya Varkovich<\/a><\/h4>\n\t\t\t<div class=\"sc_team_item_subtitle\">Content &amp; Social Media Manager<\/div>\n\t\t<\/div>\n\t<\/div>\n<\/div>\n<\/div><div class=\"trx_addons_column-1_3\"><div class=\"sc_team_item no_links post-370 cpt_team type-cpt_team status-publish has-post-thumbnail hentry\">\n\t<div class=\"post_featured sc_team_item_thumb trx_addons_hover trx_addons_hover_style_info\"><a href=\"https:\/\/prameni.cz\/cs\/team\/rozina-ribeiro-monteiro\/\" aria-hidden=\"true\"><img decoding=\"async\" width=\"370\" height=\"400\" src=\"https:\/\/prameni.cz\/wp-content\/uploads\/2022\/11\/AirBrush_202204261728035798-modified-370x400.png\" class=\"attachment-vihara-thumb-team size-vihara-thumb-team wp-post-image\" alt=\"\" srcset=\"https:\/\/prameni.cz\/wp-content\/uploads\/2022\/11\/AirBrush_202204261728035798-modified-370x400.png 370w, https:\/\/prameni.cz\/wp-content\/uploads\/2022\/11\/AirBrush_202204261728035798-modified-12x12.png 12w\" sizes=\"(max-width: 370px) 100vw, 370px\" \/><\/a><div class=\"trx_addons_hover_content\"><div class=\"sc_team_item_socials socials_wrap trx_addons_hover_info\"><\/div><\/div><div class=\"trx_addons_hover_mask\"><\/div><\/div>\t<div class=\"sc_team_item_info\">\n\t\t<div class=\"sc_team_item_header\">\n\t\t\t<h4 class=\"sc_team_item_title\"><a href=\"https:\/\/prameni.cz\/cs\/team\/rozina-ribeiro-monteiro\/\">Rozina Ribeiro Monteiro<\/a><\/h4>\n\t\t\t<div class=\"sc_team_item_subtitle\">Pedagogue &amp; Community Manager<\/div>\n\t\t<\/div>\n\t<\/div>\n<\/div>\n<\/div><div class=\"trx_addons_column-1_3\"><div class=\"sc_team_item no_links post-379 cpt_team type-cpt_team status-publish has-post-thumbnail hentry\">\n\t<div class=\"post_featured sc_team_item_thumb trx_addons_hover trx_addons_hover_style_info\"><a href=\"https:\/\/prameni.cz\/cs\/team\/tereza-sosikova\/\" aria-hidden=\"true\"><img loading=\"lazy\" decoding=\"async\" width=\"370\" height=\"400\" src=\"https:\/\/prameni.cz\/wp-content\/uploads\/2022\/11\/DSC07417-modified-370x400.png\" class=\"attachment-vihara-thumb-team size-vihara-thumb-team wp-post-image\" alt=\"\" srcset=\"https:\/\/prameni.cz\/wp-content\/uploads\/2022\/11\/DSC07417-modified-370x400.png 370w, https:\/\/prameni.cz\/wp-content\/uploads\/2022\/11\/DSC07417-modified-12x12.png 12w\" sizes=\"(max-width: 370px) 100vw, 370px\" \/><\/a><div class=\"trx_addons_hover_content\"><div class=\"sc_team_item_socials socials_wrap trx_addons_hover_info\"><\/div><\/div><div class=\"trx_addons_hover_mask\"><\/div><\/div>\t<div class=\"sc_team_item_info\">\n\t\t<div class=\"sc_team_item_header\">\n\t\t\t<h4 class=\"sc_team_item_title\"><a href=\"https:\/\/prameni.cz\/cs\/team\/tereza-sosikova\/\">Tereza Sos\u00edkov\u00e1<\/a><\/h4>\n\t\t\t<div class=\"sc_team_item_subtitle\">Administrativn\u00ed \u0159editelka Pramen\u00ed<\/div>\n\t\t<\/div>\n\t<\/div>\n<\/div>\n<\/div><div class=\"trx_addons_column-1_3\"><div class=\"sc_team_item no_links post-373 cpt_team type-cpt_team status-publish has-post-thumbnail hentry\">\n\t<div class=\"post_featured sc_team_item_thumb trx_addons_hover trx_addons_hover_style_info\"><a href=\"https:\/\/prameni.cz\/cs\/team\/jenne-magno\/\" aria-hidden=\"true\"><img loading=\"lazy\" decoding=\"async\" width=\"370\" height=\"400\" src=\"https:\/\/prameni.cz\/wp-content\/uploads\/2022\/11\/Jenne-modified-370x400.png\" class=\"attachment-vihara-thumb-team size-vihara-thumb-team wp-post-image\" alt=\"\" srcset=\"https:\/\/prameni.cz\/wp-content\/uploads\/2022\/11\/Jenne-modified-370x400.png 370w, https:\/\/prameni.cz\/wp-content\/uploads\/2022\/11\/Jenne-modified-12x12.png 12w\" sizes=\"(max-width: 370px) 100vw, 370px\" \/><\/a><div class=\"trx_addons_hover_content\"><div class=\"sc_team_item_socials socials_wrap trx_addons_hover_info\"><\/div><\/div><div class=\"trx_addons_hover_mask\"><\/div><\/div>\t<div class=\"sc_team_item_info\">\n\t\t<div class=\"sc_team_item_header\">\n\t\t\t<h4 class=\"sc_team_item_title\"><a href=\"https:\/\/prameni.cz\/cs\/team\/jenne-magno\/\">Jenne Magno<\/a><\/h4>\n\t\t\t<div class=\"sc_team_item_subtitle\">Co-founder and project initiator<\/div>\n\t\t<\/div>\n\t<\/div>\n<\/div>\n<\/div><\/div><\/div><!-- \/.sc_team -->\t\t\t\t<\/div>\n\t\t\t\t<\/div>\n\t\t\t\t\t<\/div>\n\t\t<\/div>\n\t\t\t\t\t<\/div>\n\t\t<\/section>\n\t\t\t\t<\/div>","protected":false},"excerpt":{"rendered":"<p>about The Abbot Rev. Sakda Asnee Lorem ipsum dolor sit amet, consectetuer adipiscing elit, sed diam nonummy nibh euismod tincidunt ut laoreet dolore magna aliquam erat volutpat. Ut wisi enim&hellip;<\/p>","protected":false},"author":1,"featured_media":0,"parent":0,"menu_order":0,"comment_status":"closed","ping_status":"closed","template":"","meta":{"give_campaign_id":0,"footnotes":""},"class_list":["post-382","page","type-page","status-publish","hentry"],"campaignId":"","_links":{"self":[{"href":"https:\/\/prameni.cz\/cs\/wp-json\/wp\/v2\/pages\/382","targetHints":{"allow":["GET"]}}],"collection":[{"href":"https:\/\/prameni.cz\/cs\/wp-json\/wp\/v2\/pages"}],"about":[{"href":"https:\/\/prameni.cz\/cs\/wp-json\/wp\/v2\/types\/page"}],"author":[{"embeddable":true,"href":"https:\/\/prameni.cz\/cs\/wp-json\/wp\/v2\/users\/1"}],"replies":[{"embeddable":true,"href":"https:\/\/prameni.cz\/cs\/wp-json\/wp\/v2\/comments?post=382"}],"version-history":[{"count":0,"href":"https:\/\/prameni.cz\/cs\/wp-json\/wp\/v2\/pages\/382\/revisions"}],"wp:attachment":[{"href":"https:\/\/prameni.cz\/cs\/wp-json\/wp\/v2\/media?parent=382"}],"curies":[{"name":"wp","href":"https:\/\/api.w.org\/{rel}","templated":true}]}}