{"id":332,"date":"2018-12-11T15:23:23","date_gmt":"2018-12-11T15:23:23","guid":{"rendered":"https:\/\/prameni.cz\/?page_id=332"},"modified":"2022-12-02T16:47:43","modified_gmt":"2022-12-02T16:47:43","slug":"educational-projects","status":"publish","type":"page","link":"https:\/\/prameni.cz\/cs\/educational-projects\/","title":{"rendered":"Vzd\u011bl\u00e1v\u00e1n\u00ed"},"content":{"rendered":"<div data-elementor-type=\"wp-post\" data-elementor-id=\"332\" class=\"elementor elementor-332\">\n\t\t\t\t\t\t<section class=\"elementor-section elementor-top-section elementor-element elementor-element-8a50e77 elementor-section-full_width elementor-section-height-default elementor-section-height-default\" data-id=\"8a50e77\" data-element_type=\"section\" data-e-type=\"section\">\n\t\t\t\t\t\t<div class=\"elementor-container elementor-column-gap-default\">\n\t\t\t\t\t<div class=\"elementor-column elementor-col-100 elementor-top-column elementor-element elementor-element-6d8a7bb sc_inner_width_none sc_layouts_column_icons_position_left\" data-id=\"6d8a7bb\" data-element_type=\"column\" data-e-type=\"column\">\n\t\t\t<div class=\"elementor-widget-wrap elementor-element-populated\">\n\t\t\t\t\t\t<div class=\"elementor-element elementor-element-f7a4286 sc_fly_static elementor-widget elementor-widget-spacer\" data-id=\"f7a4286\" data-element_type=\"widget\" data-e-type=\"widget\" data-widget_type=\"spacer.default\">\n\t\t\t\t<div class=\"elementor-widget-container\">\n\t\t\t\t\t\t\t<div class=\"elementor-spacer\">\n\t\t\t<div class=\"elementor-spacer-inner\"><\/div>\n\t\t<\/div>\n\t\t\t\t\t\t<\/div>\n\t\t\t\t<\/div>\n\t\t\t\t<div class=\"elementor-element elementor-element-edd6049 sc_fly_static elementor-widget elementor-widget-trx_sc_services\" data-id=\"edd6049\" data-element_type=\"widget\" data-e-type=\"widget\" data-widget_type=\"trx_sc_services.default\">\n\t\t\t\t<div class=\"elementor-widget-container\">\n\t\t\t\t\t<div id=\"trx_sc_services_268808374\" class=\"sc_services sc_services_default sc_services_featured_top\"><h2 class=\"sc_item_title sc_services_title sc_align_center sc_item_title_style_gradient\"><span class=\"trx_addons_text_gradient sc_item_title_text\">Vzd\u011bl\u00e1v\u00e1n\u00ed pova\u017eujeme za akt spole\u010dn\u00e9ho tvo\u0159en\u00ed, kter\u00fd prob\u00edh\u00e1 mezi u\u010ditelem a \u017e\u00e1kem.  <\/span><\/h2><div class=\"sc_item_descr sc_services_descr sc_align_center\"><p>Podporujeme pedagogy, kte\u0159\u00ed probouzej\u00ed ve sv\u00fdch studentech touhu po v\u011bd\u011bn\u00ed, povzbuzuj\u00ed k empatii, spolupr\u00e1ci, osobn\u00edmu rozvoji a p\u0159ijet\u00ed diverzity.<\/p>\n<p>Ty, kte\u0159\u00ed vid\u00ed v ka\u017ed\u00e9m d\u00edt\u011bti jeho jedine\u010dn\u00fd potenci\u00e1l.<\/p>\n<\/div><div class=\"sc_services_columns_wrap sc_item_columns sc_item_posts_container sc_item_columns_3 trx_addons_columns_wrap columns_padding_bottom\"><div class=\"trx_addons_column-1_3\"><div class=\"sc_services_item no_links with_content with_image sc_services_item_featured_top post-327 cpt_services type-cpt_services status-publish has-post-thumbnail hentry cpt_services_group-daryas-projects cpt_services_group-ed-projects cpt_services_group-jennes-projects cpt_services_group-rozinas-projects cpt_services_group-terezas-projects\">\n\t<div class=\"post_featured with_thumb hover_icon sc_services_item_thumb\"><img fetchpriority=\"high\" decoding=\"async\" width=\"370\" height=\"230\" src=\"https:\/\/prameni.cz\/wp-content\/uploads\/2018\/12\/pexels-pixabay-256468-Large-370x230.jpeg\" class=\"attachment-vihara-thumb-services size-vihara-thumb-services wp-post-image\" alt=\"\" srcset=\"https:\/\/prameni.cz\/wp-content\/uploads\/2018\/12\/pexels-pixabay-256468-Large-370x230.jpeg 370w, https:\/\/prameni.cz\/wp-content\/uploads\/2018\/12\/pexels-pixabay-256468-Large-18x12.jpeg 18w\" sizes=\"(max-width: 370px) 100vw, 370px\" \/>\t\t\t\t\t\t<div class=\"mask\"><\/div>\n\t\t\t\t\t\t\t\t\t<div class=\"icons\"><a href=\"https:\/\/prameni.cz\/cs\/services\/we-have-got-what-it-takes\/\"  aria-hidden=\"true\" class=\"icon-add\"><\/a><\/div>\n\t\t\t<\/div>\t\n\t<div class=\"sc_services_item_info\">\n\t\t\t\t<div class=\"sc_services_item_header\">\n\t\t\t\t\t\t<h4 class=\"sc_services_item_title\"><a href=\"https:\/\/prameni.cz\/cs\/services\/we-have-got-what-it-takes\/\">My na to m\u00e1me<\/a><\/h4>\n\t\t\t\t\t\t\t\t<\/div>\n\t\t\t\t\t\t\t<div class=\"sc_services_item_content\"><p>Inspira\u010dn\u00ed port\u00e1l pro inovativn\u00ed inkluzivn\u00ed vzd\u011bl\u00e1v\u00e1n\u00ed. Dynamick\u00fd zdroj informac\u00ed pro v\u0161echny, kdo se pod\u00edlej\u00ed na vzd\u011bl\u00e1v\u00e1n\u00ed.<\/p>\n<\/div><div class=\"sc_services_item_button sc_item_button\"><a href=\"https:\/\/prameni.cz\/cs\/services\/we-have-got-what-it-takes\/\" class=\"sc_button sc_button_default sc_button_size_small\">V\u00edce<\/a><\/div><\/div>\n<\/div>\n<\/div><div class=\"trx_addons_column-1_3\"><div class=\"sc_services_item no_links with_content with_image sc_services_item_featured_top post-326 cpt_services type-cpt_services status-publish has-post-thumbnail hentry cpt_services_group-ed-projects cpt_services_group-jennes-projects cpt_services_group-rozinas-projects\">\n\t<div class=\"post_featured with_thumb hover_icon sc_services_item_thumb\"><img decoding=\"async\" width=\"370\" height=\"230\" src=\"https:\/\/prameni.cz\/wp-content\/uploads\/2018\/12\/IMG_20200908_161554-1-370x230.jpg\" class=\"attachment-vihara-thumb-services size-vihara-thumb-services wp-post-image\" alt=\"\" srcset=\"https:\/\/prameni.cz\/wp-content\/uploads\/2018\/12\/IMG_20200908_161554-1-370x230.jpg 370w, https:\/\/prameni.cz\/wp-content\/uploads\/2018\/12\/IMG_20200908_161554-1-18x10.jpg 18w\" sizes=\"(max-width: 370px) 100vw, 370px\" \/>\t\t\t\t\t\t<div class=\"mask\"><\/div>\n\t\t\t\t\t\t\t\t\t<div class=\"icons\"><a href=\"https:\/\/prameni.cz\/cs\/services\/klubik\/\"  aria-hidden=\"true\" class=\"icon-add\"><\/a><\/div>\n\t\t\t<\/div>\t\n\t<div class=\"sc_services_item_info\">\n\t\t\t\t<div class=\"sc_services_item_header\">\n\t\t\t\t\t\t<h4 class=\"sc_services_item_title\"><a href=\"https:\/\/prameni.cz\/cs\/services\/klubik\/\">Klub\u00edk<\/a><\/h4>\n\t\t\t\t\t\t\t\t<\/div>\n\t\t\t\t\t\t\t<div class=\"sc_services_item_content\"><p>Klub\u00edk je po\u0161koln\u00ed klubovna, kter\u00e1 p\u0159in\u00e1\u0161\u00ed obohacuj\u00edc\u00ed aktivity pro marginalizovan\u00e9 d\u011bti, \u017eij\u00edc\u00ed v hotelov\u00e9m dom\u011b \u2013 ubytovn\u011b v Ostrav\u011b.<\/p>\n<\/div><div class=\"sc_services_item_button sc_item_button\"><a href=\"https:\/\/prameni.cz\/cs\/services\/klubik\/\" class=\"sc_button sc_button_default sc_button_size_small\">V\u00edce<\/a><\/div><\/div>\n<\/div>\n<\/div><div class=\"trx_addons_column-1_3\"><div class=\"sc_services_item no_links with_content with_image sc_services_item_featured_top post-325 cpt_services type-cpt_services status-publish has-post-thumbnail hentry cpt_services_group-daryas-projects cpt_services_group-ed-projects cpt_services_group-jennes-projects cpt_services_group-terezas-projects\">\n\t<div class=\"post_featured with_thumb hover_icon sc_services_item_thumb\"><img decoding=\"async\" width=\"370\" height=\"230\" src=\"https:\/\/prameni.cz\/wp-content\/uploads\/2018\/12\/flag-370x230.jpg\" class=\"attachment-vihara-thumb-services size-vihara-thumb-services wp-post-image\" alt=\"\" srcset=\"https:\/\/prameni.cz\/wp-content\/uploads\/2018\/12\/flag-370x230.jpg 370w, https:\/\/prameni.cz\/wp-content\/uploads\/2018\/12\/flag-18x12.jpg 18w\" sizes=\"(max-width: 370px) 100vw, 370px\" \/>\t\t\t\t\t\t<div class=\"mask\"><\/div>\n\t\t\t\t\t\t\t\t\t<div class=\"icons\"><a href=\"https:\/\/prameni.cz\/cs\/services\/for-ukraine\/\"  aria-hidden=\"true\" class=\"icon-add\"><\/a><\/div>\n\t\t\t<\/div>\t\n\t<div class=\"sc_services_item_info\">\n\t\t\t\t<div class=\"sc_services_item_header\">\n\t\t\t\t\t\t<h4 class=\"sc_services_item_title\"><a href=\"https:\/\/prameni.cz\/cs\/services\/for-ukraine\/\">Portal UA<\/a><\/h4>\n\t\t\t\t\t\t\t\t<\/div>\n\t\t\t\t\t\t\t<div class=\"sc_services_item_content\"><p>Platforma pro ukrajinsk\u00e9 uprchl\u00edky, kter\u00e1 shroma\u017e\u010fuje iniciativy, akce a dal\u0161\u00ed integra\u010dn\u00ed aktivity v \u010cesk\u00e9 republice. <\/p>\n<\/div><div class=\"sc_services_item_button sc_item_button\"><a href=\"https:\/\/prameni.cz\/cs\/services\/for-ukraine\/\" class=\"sc_button sc_button_default sc_button_size_small\">V\u00edce<\/a><\/div><\/div>\n<\/div>\n<\/div><div class=\"trx_addons_column-1_3\"><div class=\"sc_services_item no_links with_content with_image sc_services_item_featured_top post-321 cpt_services type-cpt_services status-publish has-post-thumbnail hentry cpt_services_group-ed-projects cpt_services_group-jennes-projects cpt_services_group-terezas-projects\">\n\t<div class=\"post_featured with_thumb hover_icon sc_services_item_thumb\"><img loading=\"lazy\" decoding=\"async\" width=\"370\" height=\"230\" src=\"https:\/\/prameni.cz\/wp-content\/uploads\/2018\/12\/WCM-2-1024x574-1-370x230.png\" class=\"attachment-vihara-thumb-services size-vihara-thumb-services wp-post-image\" alt=\"\" srcset=\"https:\/\/prameni.cz\/wp-content\/uploads\/2018\/12\/WCM-2-1024x574-1-370x230.png 370w, https:\/\/prameni.cz\/wp-content\/uploads\/2018\/12\/WCM-2-1024x574-1-18x10.png 18w\" sizes=\"(max-width: 370px) 100vw, 370px\" \/>\t\t\t\t\t\t<div class=\"mask\"><\/div>\n\t\t\t\t\t\t\t\t\t<div class=\"icons\"><a href=\"https:\/\/prameni.cz\/cs\/services\/which-children-matter\/\"  aria-hidden=\"true\" class=\"icon-add\"><\/a><\/div>\n\t\t\t<\/div>\t\n\t<div class=\"sc_services_item_info\">\n\t\t\t\t<div class=\"sc_services_item_header\">\n\t\t\t\t\t\t<h4 class=\"sc_services_item_title\"><a href=\"https:\/\/prameni.cz\/cs\/services\/which-children-matter\/\">Na kter\u00fdch d\u011btech z\u00e1le\u017e\u00ed?<\/a><\/h4>\n\t\t\t\t\t\t\t\t<\/div>\n\t\t\t\t\t\t\t<div class=\"sc_services_item_content\"><p>V tomto filmu se setk\u00e1te s d\u011btmi, z nich\u017e n\u011bkter\u00e9 jejich vlastn\u00ed spole\u010dnost pova\u017euje za nevzd\u011blavateln\u00e9. Tyto d\u011bti p\u0159ekon\u00e1vaj\u00ed p\u0159edsudky typu \"my a oni\" a posouvaj\u00ed hranice mo\u017en\u00e9ho.<\/p>\n<\/div><div class=\"sc_services_item_button sc_item_button\"><a href=\"https:\/\/prameni.cz\/cs\/services\/which-children-matter\/\" class=\"sc_button sc_button_default sc_button_size_small\">V\u00edce<\/a><\/div><\/div>\n<\/div>\n<\/div><div class=\"trx_addons_column-1_3\"><div class=\"sc_services_item no_links with_content with_image sc_services_item_featured_top post-320 cpt_services type-cpt_services status-publish has-post-thumbnail hentry cpt_services_group-ed-projects cpt_services_group-jennes-projects cpt_services_group-terezas-projects\">\n\t<div class=\"post_featured with_thumb hover_icon sc_services_item_thumb\"><img loading=\"lazy\" decoding=\"async\" width=\"370\" height=\"230\" src=\"https:\/\/prameni.cz\/wp-content\/uploads\/2018\/12\/C2_still-370x230.jpg\" class=\"attachment-vihara-thumb-services size-vihara-thumb-services wp-post-image\" alt=\"\" \/>\t\t\t\t\t\t<div class=\"mask\"><\/div>\n\t\t\t\t\t\t\t\t\t<div class=\"icons\"><a href=\"https:\/\/prameni.cz\/cs\/services\/what-kind-of-school-do-we-want\/\"  aria-hidden=\"true\" class=\"icon-add\"><\/a><\/div>\n\t\t\t<\/div>\t\n\t<div class=\"sc_services_item_info\">\n\t\t\t\t<div class=\"sc_services_item_header\">\n\t\t\t\t\t\t<h4 class=\"sc_services_item_title\"><a href=\"https:\/\/prameni.cz\/cs\/services\/what-kind-of-school-do-we-want\/\">V\u0161echny d\u011bti v\u00edt\u00e1ny<\/a><\/h4>\n\t\t\t\t\t\t\t\t<\/div>\n\t\t\t\t\t\t\t<div class=\"sc_services_item_content\"><p>Interaktivn\u00ed online kurz o inkluzivn\u00edm \u0161koln\u00edm prost\u0159ed\u00ed pro studenty pedagogiky, u\u010ditele a dal\u0161\u00ed z\u00e1jemce o vzd\u011bl\u00e1v\u00e1n\u00ed.<\/p>\n<\/div><div class=\"sc_services_item_button sc_item_button\"><a href=\"https:\/\/prameni.cz\/cs\/services\/what-kind-of-school-do-we-want\/\" class=\"sc_button sc_button_default sc_button_size_small\">V\u00edce<\/a><\/div><\/div>\n<\/div>\n<\/div><div class=\"trx_addons_column-1_3\"><div class=\"sc_services_item no_links with_content with_image sc_services_item_featured_top post-324 cpt_services type-cpt_services status-publish has-post-thumbnail hentry cpt_services_group-ed-projects cpt_services_group-jennes-projects\">\n\t<div class=\"post_featured with_thumb hover_icon sc_services_item_thumb\"><img loading=\"lazy\" decoding=\"async\" width=\"370\" height=\"230\" src=\"https:\/\/prameni.cz\/wp-content\/uploads\/2018\/12\/01_maia-face_high-1-370x230.jpg\" class=\"attachment-vihara-thumb-services size-vihara-thumb-services wp-post-image\" alt=\"\" srcset=\"https:\/\/prameni.cz\/wp-content\/uploads\/2018\/12\/01_maia-face_high-1-370x230.jpg 370w, https:\/\/prameni.cz\/wp-content\/uploads\/2018\/12\/01_maia-face_high-1-18x10.jpg 18w\" sizes=\"(max-width: 370px) 100vw, 370px\" \/>\t\t\t\t\t\t<div class=\"mask\"><\/div>\n\t\t\t\t\t\t\t\t\t<div class=\"icons\"><a href=\"https:\/\/prameni.cz\/cs\/services\/sit-beside-me\/\"  aria-hidden=\"true\" class=\"icon-add\"><\/a><\/div>\n\t\t\t<\/div>\t\n\t<div class=\"sc_services_item_info\">\n\t\t\t\t<div class=\"sc_services_item_header\">\n\t\t\t\t\t\t<h4 class=\"sc_services_item_title\"><a href=\"https:\/\/prameni.cz\/cs\/services\/sit-beside-me\/\">Tv\u00e9 m\u00edsto vedle m\u011b<\/a><\/h4>\n\t\t\t\t\t\t\t\t<\/div>\n\t\t\t\t\t\t\t<div class=\"sc_services_item_content\"><p>Dokument\u00e1rn\u00ed film o p\u0159\u00edb\u011bhu sestry Cyril Mooney a jej\u00ed jednoduch\u00e9, ale radik\u00e1ln\u011b \u00fa\u010dinn\u00e9 revoluci ve vzd\u011bl\u00e1v\u00e1n\u00ed.<\/p>\n<\/div><div class=\"sc_services_item_button sc_item_button\"><a href=\"https:\/\/prameni.cz\/cs\/services\/sit-beside-me\/\" class=\"sc_button sc_button_default sc_button_size_small\">V\u00edce<\/a><\/div><\/div>\n<\/div>\n<\/div><\/div><\/div><!-- \/.sc_services -->\t\t\t\t<\/div>\n\t\t\t\t<\/div>\n\t\t\t\t\t<\/div>\n\t\t<\/div>\n\t\t\t\t\t<\/div>\n\t\t<\/section>\n\t\t\t\t<\/div>","protected":false},"excerpt":{"rendered":"<p>Education is a co-creative act. We celebrate those educators who inspire in their students a desire to learn, who encourage empathy, cooperation, self-striving, and acceptance of diversity. Those who support&hellip;<\/p>","protected":false},"author":1,"featured_media":5485,"parent":0,"menu_order":0,"comment_status":"closed","ping_status":"closed","template":"","meta":{"give_campaign_id":0,"footnotes":""},"class_list":["post-332","page","type-page","status-publish","has-post-thumbnail","hentry"],"campaignId":"","_links":{"self":[{"href":"https:\/\/prameni.cz\/cs\/wp-json\/wp\/v2\/pages\/332","targetHints":{"allow":["GET"]}}],"collection":[{"href":"https:\/\/prameni.cz\/cs\/wp-json\/wp\/v2\/pages"}],"about":[{"href":"https:\/\/prameni.cz\/cs\/wp-json\/wp\/v2\/types\/page"}],"author":[{"embeddable":true,"href":"https:\/\/prameni.cz\/cs\/wp-json\/wp\/v2\/users\/1"}],"replies":[{"embeddable":true,"href":"https:\/\/prameni.cz\/cs\/wp-json\/wp\/v2\/comments?post=332"}],"version-history":[{"count":28,"href":"https:\/\/prameni.cz\/cs\/wp-json\/wp\/v2\/pages\/332\/revisions"}],"predecessor-version":[{"id":7237,"href":"https:\/\/prameni.cz\/cs\/wp-json\/wp\/v2\/pages\/332\/revisions\/7237"}],"wp:featuredmedia":[{"embeddable":true,"href":"https:\/\/prameni.cz\/cs\/wp-json\/wp\/v2\/media\/5485"}],"wp:attachment":[{"href":"https:\/\/prameni.cz\/cs\/wp-json\/wp\/v2\/media?parent=332"}],"curies":[{"name":"wp","href":"https:\/\/api.w.org\/{rel}","templated":true}]}}