{"id":291,"date":"2018-12-11T12:25:11","date_gmt":"2018-12-11T12:25:11","guid":{"rendered":"https:\/\/prameni.cz\/?page_id=291"},"modified":"2025-02-08T21:35:43","modified_gmt":"2025-02-08T21:35:43","slug":"contact","status":"publish","type":"page","link":"https:\/\/prameni.cz\/cs\/contact\/","title":{"rendered":"Kontakt"},"content":{"rendered":"<div data-elementor-type=\"wp-page\" data-elementor-id=\"291\" class=\"elementor elementor-291\">\n\t\t\t\t\t\t<section class=\"elementor-section elementor-top-section elementor-element elementor-element-86a12d2 elementor-section-stretched scheme_dark elementor-section-boxed elementor-section-height-default elementor-section-height-default\" data-id=\"86a12d2\" data-element_type=\"section\" data-e-type=\"section\" data-settings=\"{&quot;stretch_section&quot;:&quot;section-stretched&quot;,&quot;background_background&quot;:&quot;classic&quot;}\">\n\t\t\t\t\t\t<div class=\"elementor-container elementor-column-gap-extended\">\n\t\t\t\t\t<div class=\"elementor-column elementor-col-50 elementor-top-column elementor-element elementor-element-cdbf87c sc_inner_width_none sc_layouts_column_icons_position_left elementor-invisible\" data-id=\"cdbf87c\" data-element_type=\"column\" data-e-type=\"column\" data-settings=\"{&quot;animation&quot;:&quot;fadeInLeft&quot;}\">\n\t\t\t<div class=\"elementor-widget-wrap elementor-element-populated\">\n\t\t\t\t\t\t<div class=\"elementor-element elementor-element-2bcbed8 sc_fly_static elementor-widget elementor-widget-spacer\" data-id=\"2bcbed8\" data-element_type=\"widget\" data-e-type=\"widget\" data-widget_type=\"spacer.default\">\n\t\t\t\t<div class=\"elementor-widget-container\">\n\t\t\t\t\t\t\t<div class=\"elementor-spacer\">\n\t\t\t<div class=\"elementor-spacer-inner\"><\/div>\n\t\t<\/div>\n\t\t\t\t\t\t<\/div>\n\t\t\t\t<\/div>\n\t\t\t\t<div class=\"elementor-element elementor-element-6a61ee3 sc_fly_static elementor-widget elementor-widget-image\" data-id=\"6a61ee3\" data-element_type=\"widget\" data-e-type=\"widget\" data-widget_type=\"image.default\">\n\t\t\t\t<div class=\"elementor-widget-container\">\n\t\t\t\t\t\t\t\t\t\t\t\t\t\t\t<img decoding=\"async\" src=\"https:\/\/prameni.cz\/wp-content\/uploads\/2022\/11\/Yana-Irina-red-ball.jpg\" title=\"Yana &#038; Irina red ball\" alt=\"Yana &amp; Irina red ball\" loading=\"lazy\" \/>\t\t\t\t\t\t\t\t\t\t\t\t\t\t\t<\/div>\n\t\t\t\t<\/div>\n\t\t\t\t<div class=\"elementor-element elementor-element-08157ad sc_fly_static elementor-widget elementor-widget-spacer\" data-id=\"08157ad\" data-element_type=\"widget\" data-e-type=\"widget\" data-widget_type=\"spacer.default\">\n\t\t\t\t<div class=\"elementor-widget-container\">\n\t\t\t\t\t\t\t<div class=\"elementor-spacer\">\n\t\t\t<div class=\"elementor-spacer-inner\"><\/div>\n\t\t<\/div>\n\t\t\t\t\t\t<\/div>\n\t\t\t\t<\/div>\n\t\t\t\t\t<\/div>\n\t\t<\/div>\n\t\t\t\t<div class=\"elementor-column elementor-col-50 elementor-top-column elementor-element elementor-element-157e90f sc_inner_width_none sc_layouts_column_icons_position_left elementor-invisible\" data-id=\"157e90f\" data-element_type=\"column\" data-e-type=\"column\" data-settings=\"{&quot;animation&quot;:&quot;fadeInRight&quot;}\">\n\t\t\t<div class=\"elementor-widget-wrap elementor-element-populated\">\n\t\t\t\t\t\t<div class=\"elementor-element elementor-element-9c3f437 sc_fly_static elementor-widget elementor-widget-trx_sc_title\" data-id=\"9c3f437\" data-element_type=\"widget\" data-e-type=\"widget\" data-widget_type=\"trx_sc_title.default\">\n\t\t\t\t<div class=\"elementor-widget-container\">\n\t\t\t\t\t<div id=\"trx_sc_title_832417871\"\r\n\t\tclass=\"sc_title sc_title_default\"><span class=\"sc_item_subtitle sc_title_subtitle sc_item_subtitle_above sc_item_title_style_default\">O Pramen\u00ed<\/span><h1 class=\"sc_item_title sc_title_title sc_item_title_style_default sc_item_title_tag\"><span class=\"sc_item_title_text\">V\u011bnujeme se tv\u016fr\u010d\u00edmu vyj\u00e1d\u0159en\u00ed a inovac\u00edm ve vzd\u011bl\u00e1v\u00e1n\u00ed<\/span><\/h1><div class=\"sc_item_descr sc_title_descr\"><p>Projekty Pramen\u00ed podporuj\u00ed v\u00fdjime\u010dn\u00e9 pedagogy, um\u011blce p\u0159ekra\u010duj\u00edc\u00ed hranice a inspirativn\u00ed mentory, kte\u0159\u00ed povzbuzuj\u00ed a probouzej\u00ed lidsk\u00e9ho ducha.<\/p>\n<\/div><\/div><!-- \/.sc_title -->\t\t\t\t<\/div>\n\t\t\t\t<\/div>\n\t\t\t\t\t<\/div>\n\t\t<\/div>\n\t\t\t\t\t<\/div>\n\t\t<\/section>\n\t\t\t\t<section class=\"elementor-section elementor-top-section elementor-element elementor-element-9c62e89 elementor-section-full_width elementor-section-height-default elementor-section-height-default\" data-id=\"9c62e89\" data-element_type=\"section\" data-e-type=\"section\">\n\t\t\t\t\t\t<div class=\"elementor-container elementor-column-gap-default\">\n\t\t\t\t\t<div class=\"elementor-column elementor-col-100 elementor-top-column elementor-element elementor-element-9154875 sc_inner_width_none sc_layouts_column_icons_position_left\" data-id=\"9154875\" data-element_type=\"column\" data-e-type=\"column\">\n\t\t\t<div class=\"elementor-widget-wrap elementor-element-populated\">\n\t\t\t\t\t\t<div class=\"elementor-element elementor-element-55c706b sc_fly_static elementor-widget elementor-widget-trx_sc_icons\" data-id=\"55c706b\" data-element_type=\"widget\" data-e-type=\"widget\" data-widget_type=\"trx_sc_icons.default\">\n\t\t\t\t<div class=\"elementor-widget-container\">\n\t\t\t\t\t<div id=\"trx_sc_icons_1752803939\" \r\n\tclass=\"sc_icons sc_icons_default sc_icons_size_medium sc_align_center\"><div class=\"sc_icons_columns_wrap sc_item_columns trx_addons_columns_wrap columns_padding_bottom\"><div class=\"trx_addons_column-1_2\"><div class=\"sc_icons_item\"><div class=\"sc_icons_image\"><img decoding=\"async\" src=\"\/\/prameni.cz\/wp-content\/uploads\/2018\/12\/contact-icon-1.png\" alt=\"Icon\" width=\"116\" height=\"116\"><\/div><div class=\"sc_icons_item_details\"><h4 class=\"sc_icons_item_title\"><span>PRAMEN\u00cd, o.P.S.<\/span><\/h4><div class=\"sc_icons_item_description\"><span>I\u010c: 26704811<\/span><span>Address: Salv\u00e1torsk\u00e1 931\/8, Praha, 110 00<\/span><span>Legal form: Obecn\u011b prosp\u011b\u0161n\u00e1 spole\u010dnost<\/span><span>Date of formation: 17. 7. 2002<\/span><\/div><\/div><\/div><\/div><div class=\"trx_addons_column-1_2\"><div class=\"sc_icons_item\"><div class=\"sc_icons_image\"><img decoding=\"async\" src=\"\/\/prameni.cz\/wp-content\/uploads\/2018\/12\/contact-icon-2.png\" alt=\"Icon\" width=\"116\" height=\"116\"><\/div><div class=\"sc_icons_item_details\"><h4 class=\"sc_icons_item_title\"><span>E-MAIL<\/span><\/h4><div class=\"sc_icons_item_description\"><span><a href=\"mailto:kontakt@prameni.cz\">kontakt@prameni.cz<\/a><\/span><\/div><\/div><\/div><\/div><\/div><\/div><!-- \/.sc_icons -->\t\t\t\t<\/div>\n\t\t\t\t<\/div>\n\t\t\t\t\t<\/div>\n\t\t<\/div>\n\t\t\t\t\t<\/div>\n\t\t<\/section>\n\t\t\t\t<\/div>","protected":false},"excerpt":{"rendered":"<p>About us Dedicated to creative expression and innovation in education Pramen\u00ed projects support extraordinary educators, boundary breaking artists, and inspired mentors who celebrate and awaken the human spirit. PRAMEN\u00cd, o.P.S.&hellip;<\/p>","protected":false},"author":1,"featured_media":7093,"parent":0,"menu_order":0,"comment_status":"closed","ping_status":"closed","template":"","meta":{"give_campaign_id":0,"footnotes":""},"class_list":["post-291","page","type-page","status-publish","has-post-thumbnail","hentry"],"campaignId":"","_links":{"self":[{"href":"https:\/\/prameni.cz\/cs\/wp-json\/wp\/v2\/pages\/291","targetHints":{"allow":["GET"]}}],"collection":[{"href":"https:\/\/prameni.cz\/cs\/wp-json\/wp\/v2\/pages"}],"about":[{"href":"https:\/\/prameni.cz\/cs\/wp-json\/wp\/v2\/types\/page"}],"author":[{"embeddable":true,"href":"https:\/\/prameni.cz\/cs\/wp-json\/wp\/v2\/users\/1"}],"replies":[{"embeddable":true,"href":"https:\/\/prameni.cz\/cs\/wp-json\/wp\/v2\/comments?post=291"}],"version-history":[{"count":64,"href":"https:\/\/prameni.cz\/cs\/wp-json\/wp\/v2\/pages\/291\/revisions"}],"predecessor-version":[{"id":7535,"href":"https:\/\/prameni.cz\/cs\/wp-json\/wp\/v2\/pages\/291\/revisions\/7535"}],"wp:featuredmedia":[{"embeddable":true,"href":"https:\/\/prameni.cz\/cs\/wp-json\/wp\/v2\/media\/7093"}],"wp:attachment":[{"href":"https:\/\/prameni.cz\/cs\/wp-json\/wp\/v2\/media?parent=291"}],"curies":[{"name":"wp","href":"https:\/\/api.w.org\/{rel}","templated":true}]}}