{"id":199,"date":"2018-12-10T14:01:51","date_gmt":"2018-12-10T14:01:51","guid":{"rendered":"https:\/\/prameni.cz\/?page_id=199"},"modified":"2023-02-20T13:40:20","modified_gmt":"2023-02-20T13:40:20","slug":"contacts","status":"publish","type":"page","link":"https:\/\/prameni.cz\/cs\/contacts\/","title":{"rendered":"Kontakt"},"content":{"rendered":"\t\t<div data-elementor-type=\"wp-post\" data-elementor-id=\"199\" class=\"elementor elementor-199\">\n\t\t\t\t\t\t<section class=\"elementor-section elementor-top-section elementor-element elementor-element-142277b elementor-section-boxed elementor-section-height-default elementor-section-height-default\" data-id=\"142277b\" data-element_type=\"section\" data-e-type=\"section\">\n\t\t\t\t\t\t<div class=\"elementor-container elementor-column-gap-extended\">\n\t\t\t\t\t<div class=\"elementor-column elementor-col-100 elementor-top-column elementor-element elementor-element-0aa6208 sc_inner_width_none sc_layouts_column_icons_position_left\" data-id=\"0aa6208\" data-element_type=\"column\" data-e-type=\"column\">\n\t\t\t<div class=\"elementor-widget-wrap elementor-element-populated\">\n\t\t\t\t\t\t<div class=\"elementor-element elementor-element-3208290 sc_fly_static elementor-widget elementor-widget-spacer\" data-id=\"3208290\" data-element_type=\"widget\" data-e-type=\"widget\" data-widget_type=\"spacer.default\">\n\t\t\t\t<div class=\"elementor-widget-container\">\n\t\t\t\t\t\t\t<div class=\"elementor-spacer\">\n\t\t\t<div class=\"elementor-spacer-inner\"><\/div>\n\t\t<\/div>\n\t\t\t\t\t\t<\/div>\n\t\t\t\t<\/div>\n\t\t\t\t\t<\/div>\n\t\t<\/div>\n\t\t\t\t\t<\/div>\n\t\t<\/section>\n\t\t\t\t<section class=\"elementor-section elementor-top-section elementor-element elementor-element-288d87b elementor-section-full_width elementor-section-height-default elementor-section-height-default\" data-id=\"288d87b\" data-element_type=\"section\" data-e-type=\"section\">\n\t\t\t\t\t\t<div class=\"elementor-container elementor-column-gap-default\">\n\t\t\t\t\t<div class=\"elementor-column elementor-col-100 elementor-top-column elementor-element elementor-element-a0907d0 sc_inner_width_none sc_layouts_column_icons_position_left\" data-id=\"a0907d0\" data-element_type=\"column\" data-e-type=\"column\">\n\t\t\t<div class=\"elementor-widget-wrap elementor-element-populated\">\n\t\t\t\t\t\t<div class=\"elementor-element elementor-element-0a7a84f sc_fly_static elementor-widget elementor-widget-trx_sc_icons\" data-id=\"0a7a84f\" data-element_type=\"widget\" data-e-type=\"widget\" data-widget_type=\"trx_sc_icons.default\">\n\t\t\t\t<div class=\"elementor-widget-container\">\n\t\t\t\t\t<div id=\"trx_sc_icons_693993868\" \r\n\tclass=\"sc_icons sc_icons_default sc_icons_size_medium sc_align_center\"><div class=\"sc_icons_columns_wrap sc_item_columns trx_addons_columns_wrap columns_padding_bottom\"><div class=\"trx_addons_column-1_2\"><div class=\"sc_icons_item\"><div class=\"sc_icons_image\"><img decoding=\"async\" src=\"\/\/prameni.cz\/wp-content\/uploads\/2018\/12\/contact-icon-1.png\" alt=\"Icon\" width=\"116\" height=\"116\"><\/div><div class=\"sc_icons_item_details\"><h4 class=\"sc_icons_item_title\"><span>PRAMEN\u00cd, o.P.S.<\/span><\/h4><div class=\"sc_icons_item_description\"><span>I\u010c: 26704811<\/span><span>Address: Salv\u00e1torsk\u00e1 931\/8, Praha, 110 00<\/span><span>Legal form: Obecn\u011b prosp\u011b\u0161n\u00e1 spole\u010dnost<\/span><span>Date of formation: 17. 7. 2002<\/span><\/div><\/div><\/div><\/div><div class=\"trx_addons_column-1_2\"><div class=\"sc_icons_item\"><div class=\"sc_icons_image\"><img decoding=\"async\" src=\"\/\/prameni.cz\/wp-content\/uploads\/2018\/12\/contact-icon-2.png\" alt=\"Icon\" width=\"116\" height=\"116\"><\/div><div class=\"sc_icons_item_details\"><h4 class=\"sc_icons_item_title\"><span>MAIL<\/span><\/h4><div class=\"sc_icons_item_description\"><span><a href=\"mailto:kontakt@prameni.cz\">kontakt@prameni.cz<\/a><\/span><\/div><\/div><\/div><\/div><\/div><\/div><!-- \/.sc_icons -->\t\t\t\t<\/div>\n\t\t\t\t<\/div>\n\t\t\t\t\t<\/div>\n\t\t<\/div>\n\t\t\t\t\t<\/div>\n\t\t<\/section>\n\t\t\t\t<section class=\"elementor-section elementor-top-section elementor-element elementor-element-208fdaf elementor-section-full_width elementor-section-stretched elementor-section-height-default elementor-section-height-default\" data-id=\"208fdaf\" data-element_type=\"section\" data-e-type=\"section\" data-settings=\"{&quot;stretch_section&quot;:&quot;section-stretched&quot;,&quot;background_background&quot;:&quot;slideshow&quot;,&quot;background_slideshow_gallery&quot;:[{&quot;id&quot;:389,&quot;url&quot;:&quot;http:\\\/\\\/prameni.cz\\\/wp-content\\\/uploads\\\/2018\\\/12\\\/bg-protocol.jpg&quot;}],&quot;background_slideshow_loop&quot;:&quot;yes&quot;,&quot;background_slideshow_slide_duration&quot;:5000,&quot;background_slideshow_slide_transition&quot;:&quot;fade&quot;,&quot;background_slideshow_transition_duration&quot;:500}\">\n\t\t\t\t\t\t<div class=\"elementor-container elementor-column-gap-default\">\n\t\t\t\t\t<div class=\"elementor-column elementor-col-100 elementor-top-column elementor-element elementor-element-532744a sc_inner_width_none sc_layouts_column_icons_position_left\" data-id=\"532744a\" data-element_type=\"column\" data-e-type=\"column\">\n\t\t\t<div class=\"elementor-widget-wrap elementor-element-populated\">\n\t\t\t\t\t\t<div class=\"elementor-element elementor-element-59cdc58 sc_fly_static elementor-widget elementor-widget-trx_sc_title\" data-id=\"59cdc58\" data-element_type=\"widget\" data-e-type=\"widget\" data-widget_type=\"trx_sc_title.default\">\n\t\t\t\t<div class=\"elementor-widget-container\">\n\t\t\t\t\t<div id=\"trx_sc_title_325820079\"\r\n\t\tclass=\"sc_title sc_title_default\"><span class=\"sc_item_subtitle sc_title_subtitle sc_align_center sc_item_subtitle_above sc_item_title_style_default\">Our team<\/span><h1 class=\"sc_item_title sc_title_title sc_align_center sc_item_title_style_default sc_item_title_tag trx_addons_inline_211476608\"><span class=\"sc_item_title_text\">Contacts<\/span><\/h1><\/div><!-- \/.sc_title -->\t\t\t\t<\/div>\n\t\t\t\t<\/div>\n\t\t\t\t<div class=\"elementor-element elementor-element-007f5ef sc_fly_static elementor-widget elementor-widget-spacer\" data-id=\"007f5ef\" data-element_type=\"widget\" data-e-type=\"widget\" data-widget_type=\"spacer.default\">\n\t\t\t\t<div class=\"elementor-widget-container\">\n\t\t\t\t\t\t\t<div class=\"elementor-spacer\">\n\t\t\t<div class=\"elementor-spacer-inner\"><\/div>\n\t\t<\/div>\n\t\t\t\t\t\t<\/div>\n\t\t\t\t<\/div>\n\t\t\t\t<div class=\"elementor-element elementor-element-a9f362b sc_fly_static elementor-widget elementor-widget-trx_sc_team\" data-id=\"a9f362b\" data-element_type=\"widget\" data-e-type=\"widget\" data-widget_type=\"trx_sc_team.default\">\n\t\t\t\t<div class=\"elementor-widget-container\">\n\t\t\t\t\t<div  id=\"trx_sc_team_722770542\"\t\tclass=\"sc_team sc_team_featured\"><div class=\"sc_team_columns_wrap sc_item_columns sc_item_posts_container trx_addons_columns_wrap columns_padding_bottom\"><div class=\"trx_addons_column-1_4\"><div class=\"sc_team_item no_links post-373 cpt_team type-cpt_team status-publish has-post-thumbnail hentry\">\r\n\t<div class=\"post_featured sc_team_item_thumb trx_addons_hover trx_addons_hover_style_info\"><a href=\"https:\/\/prameni.cz\/cs\/team\/jenne-magno\/\" aria-hidden=\"true\"><img fetchpriority=\"high\" decoding=\"async\" width=\"370\" height=\"370\" src=\"https:\/\/prameni.cz\/wp-content\/uploads\/2022\/11\/Jenne-modified-370x370.png\" class=\"attachment-trx_addons-thumb-avatar size-trx_addons-thumb-avatar wp-post-image\" alt=\"\" srcset=\"https:\/\/prameni.cz\/wp-content\/uploads\/2022\/11\/Jenne-modified-370x370.png 370w, https:\/\/prameni.cz\/wp-content\/uploads\/2022\/11\/Jenne-modified-300x300.png 300w, https:\/\/prameni.cz\/wp-content\/uploads\/2022\/11\/Jenne-modified-1024x1024.png 1024w, https:\/\/prameni.cz\/wp-content\/uploads\/2022\/11\/Jenne-modified-150x150.png 150w, https:\/\/prameni.cz\/wp-content\/uploads\/2022\/11\/Jenne-modified-768x768.png 768w, https:\/\/prameni.cz\/wp-content\/uploads\/2022\/11\/Jenne-modified-12x12.png 12w, https:\/\/prameni.cz\/wp-content\/uploads\/2022\/11\/Jenne-modified-90x90.png 90w, https:\/\/prameni.cz\/wp-content\/uploads\/2022\/11\/Jenne-modified-760x760.png 760w, https:\/\/prameni.cz\/wp-content\/uploads\/2022\/11\/Jenne-modified.png 1183w\" sizes=\"(max-width: 370px) 100vw, 370px\" \/><\/a><div class=\"trx_addons_hover_content\"><h4 class=\"sc_team_item_title trx_addons_hover_title\"><a href=\"https:\/\/prameni.cz\/cs\/team\/jenne-magno\/\">Jenne Magno<\/a><\/h4><div class=\"sc_team_item_subtitle trx_addons_hover_title\"><a href=\"https:\/\/prameni.cz\/cs\/team\/jenne-magno\/\">Co-founder and project initiator<\/a><\/div><div class=\"sc_team_item_socials socials_wrap trx_addons_hover_info\"><\/div><\/div><div class=\"trx_addons_hover_mask\"><\/div><\/div><\/div>\r\n<\/div><div class=\"trx_addons_column-1_4\"><div class=\"sc_team_item no_links post-379 cpt_team type-cpt_team status-publish has-post-thumbnail hentry\">\r\n\t<div class=\"post_featured sc_team_item_thumb trx_addons_hover trx_addons_hover_style_info\"><a href=\"https:\/\/prameni.cz\/cs\/team\/tereza-sosikova\/\" aria-hidden=\"true\"><img loading=\"lazy\" decoding=\"async\" width=\"370\" height=\"370\" src=\"https:\/\/prameni.cz\/wp-content\/uploads\/2022\/11\/DSC07417-modified-370x370.png\" class=\"attachment-trx_addons-thumb-avatar size-trx_addons-thumb-avatar wp-post-image\" alt=\"\" srcset=\"https:\/\/prameni.cz\/wp-content\/uploads\/2022\/11\/DSC07417-modified-370x370.png 370w, https:\/\/prameni.cz\/wp-content\/uploads\/2022\/11\/DSC07417-modified-300x300.png 300w, https:\/\/prameni.cz\/wp-content\/uploads\/2022\/11\/DSC07417-modified-1024x1024.png 1024w, https:\/\/prameni.cz\/wp-content\/uploads\/2022\/11\/DSC07417-modified-150x150.png 150w, https:\/\/prameni.cz\/wp-content\/uploads\/2022\/11\/DSC07417-modified-768x768.png 768w, https:\/\/prameni.cz\/wp-content\/uploads\/2022\/11\/DSC07417-modified-12x12.png 12w, https:\/\/prameni.cz\/wp-content\/uploads\/2022\/11\/DSC07417-modified-90x90.png 90w, https:\/\/prameni.cz\/wp-content\/uploads\/2022\/11\/DSC07417-modified-760x760.png 760w, https:\/\/prameni.cz\/wp-content\/uploads\/2022\/11\/DSC07417-modified.png 1365w\" sizes=\"(max-width: 370px) 100vw, 370px\" \/><\/a><div class=\"trx_addons_hover_content\"><h4 class=\"sc_team_item_title trx_addons_hover_title\"><a href=\"https:\/\/prameni.cz\/cs\/team\/tereza-sosikova\/\">Tereza Sos\u00edkov\u00e1<\/a><\/h4><div class=\"sc_team_item_subtitle trx_addons_hover_title\"><a href=\"https:\/\/prameni.cz\/cs\/team\/tereza-sosikova\/\">Administrative Director of Pramen\u00ed<\/a><\/div><div class=\"sc_team_item_socials socials_wrap trx_addons_hover_info\"><\/div><\/div><div class=\"trx_addons_hover_mask\"><\/div><\/div><\/div>\r\n<\/div><div class=\"trx_addons_column-1_4\"><div class=\"sc_team_item no_links post-370 cpt_team type-cpt_team status-publish has-post-thumbnail hentry\">\r\n\t<div class=\"post_featured sc_team_item_thumb trx_addons_hover trx_addons_hover_style_info\"><a href=\"https:\/\/prameni.cz\/cs\/team\/rozina-ribeiro-monteiro\/\" aria-hidden=\"true\"><img loading=\"lazy\" decoding=\"async\" width=\"370\" height=\"370\" src=\"https:\/\/prameni.cz\/wp-content\/uploads\/2022\/11\/AirBrush_202204261728035798-modified-370x370.png\" class=\"attachment-trx_addons-thumb-avatar size-trx_addons-thumb-avatar wp-post-image\" alt=\"\" srcset=\"https:\/\/prameni.cz\/wp-content\/uploads\/2022\/11\/AirBrush_202204261728035798-modified-370x370.png 370w, https:\/\/prameni.cz\/wp-content\/uploads\/2022\/11\/AirBrush_202204261728035798-modified-300x300.png 300w, https:\/\/prameni.cz\/wp-content\/uploads\/2022\/11\/AirBrush_202204261728035798-modified-1024x1024.png 1024w, https:\/\/prameni.cz\/wp-content\/uploads\/2022\/11\/AirBrush_202204261728035798-modified-150x150.png 150w, https:\/\/prameni.cz\/wp-content\/uploads\/2022\/11\/AirBrush_202204261728035798-modified-768x768.png 768w, https:\/\/prameni.cz\/wp-content\/uploads\/2022\/11\/AirBrush_202204261728035798-modified-12x12.png 12w, https:\/\/prameni.cz\/wp-content\/uploads\/2022\/11\/AirBrush_202204261728035798-modified-90x90.png 90w, https:\/\/prameni.cz\/wp-content\/uploads\/2022\/11\/AirBrush_202204261728035798-modified-760x760.png 760w, https:\/\/prameni.cz\/wp-content\/uploads\/2022\/11\/AirBrush_202204261728035798-modified.png 1119w\" sizes=\"(max-width: 370px) 100vw, 370px\" \/><\/a><div class=\"trx_addons_hover_content\"><h4 class=\"sc_team_item_title trx_addons_hover_title\"><a href=\"https:\/\/prameni.cz\/cs\/team\/rozina-ribeiro-monteiro\/\">Rozina Ribeiro Monteiro<\/a><\/h4><div class=\"sc_team_item_subtitle trx_addons_hover_title\"><a href=\"https:\/\/prameni.cz\/cs\/team\/rozina-ribeiro-monteiro\/\">Pedagogue &amp; Community Manager<\/a><\/div><div class=\"sc_team_item_socials socials_wrap trx_addons_hover_info\"><\/div><\/div><div class=\"trx_addons_hover_mask\"><\/div><\/div><\/div>\r\n<\/div><div class=\"trx_addons_column-1_4\"><div class=\"sc_team_item no_links post-376 cpt_team type-cpt_team status-publish has-post-thumbnail hentry\">\r\n\t<div class=\"post_featured sc_team_item_thumb trx_addons_hover trx_addons_hover_style_info\"><a href=\"https:\/\/prameni.cz\/cs\/team\/darya-varkovich\/\" aria-hidden=\"true\"><img loading=\"lazy\" decoding=\"async\" width=\"370\" height=\"370\" src=\"https:\/\/prameni.cz\/wp-content\/uploads\/2022\/11\/IMG_50085810-modified-370x370.png\" class=\"attachment-trx_addons-thumb-avatar size-trx_addons-thumb-avatar wp-post-image\" alt=\"\" srcset=\"https:\/\/prameni.cz\/wp-content\/uploads\/2022\/11\/IMG_50085810-modified-370x370.png 370w, https:\/\/prameni.cz\/wp-content\/uploads\/2022\/11\/IMG_50085810-modified-300x300.png 300w, https:\/\/prameni.cz\/wp-content\/uploads\/2022\/11\/IMG_50085810-modified-150x150.png 150w, https:\/\/prameni.cz\/wp-content\/uploads\/2022\/11\/IMG_50085810-modified-768x768.png 768w, https:\/\/prameni.cz\/wp-content\/uploads\/2022\/11\/IMG_50085810-modified-12x12.png 12w, https:\/\/prameni.cz\/wp-content\/uploads\/2022\/11\/IMG_50085810-modified-90x90.png 90w, https:\/\/prameni.cz\/wp-content\/uploads\/2022\/11\/IMG_50085810-modified-760x760.png 760w, https:\/\/prameni.cz\/wp-content\/uploads\/2022\/11\/IMG_50085810-modified.png 820w\" sizes=\"(max-width: 370px) 100vw, 370px\" \/><\/a><div class=\"trx_addons_hover_content\"><h4 class=\"sc_team_item_title trx_addons_hover_title\"><a href=\"https:\/\/prameni.cz\/cs\/team\/darya-varkovich\/\">Darya Varkovich<\/a><\/h4><div class=\"sc_team_item_subtitle trx_addons_hover_title\"><a href=\"https:\/\/prameni.cz\/cs\/team\/darya-varkovich\/\">Content &amp; Social Media Manager<\/a><\/div><div class=\"sc_team_item_socials socials_wrap trx_addons_hover_info\"><\/div><\/div><div class=\"trx_addons_hover_mask\"><\/div><\/div><\/div>\r\n<\/div><\/div><\/div><!-- \/.sc_team -->\t\t\t\t<\/div>\n\t\t\t\t<\/div>\n\t\t\t\t\t<\/div>\n\t\t<\/div>\n\t\t\t\t\t<\/div>\n\t\t<\/section>\n\t\t\t\t<section class=\"elementor-section elementor-top-section elementor-element elementor-element-9c5a65b elementor-section-stretched elementor-section-boxed elementor-section-height-default elementor-section-height-default\" data-id=\"9c5a65b\" data-element_type=\"section\" data-e-type=\"section\" data-settings=\"{&quot;stretch_section&quot;:&quot;section-stretched&quot;,&quot;background_background&quot;:&quot;gradient&quot;}\">\n\t\t\t\t\t\t<div class=\"elementor-container elementor-column-gap-extended\">\n\t\t\t\t\t<div class=\"elementor-column elementor-col-100 elementor-top-column elementor-element elementor-element-9afbc48 sc_inner_width_none sc_layouts_column_icons_position_left\" data-id=\"9afbc48\" data-element_type=\"column\" data-e-type=\"column\">\n\t\t\t<div class=\"elementor-widget-wrap elementor-element-populated\">\n\t\t\t\t\t\t<div class=\"elementor-element elementor-element-31e4525 sc_fly_static elementor-widget elementor-widget-spacer\" data-id=\"31e4525\" data-element_type=\"widget\" data-e-type=\"widget\" data-widget_type=\"spacer.default\">\n\t\t\t\t<div class=\"elementor-widget-container\">\n\t\t\t\t\t\t\t<div class=\"elementor-spacer\">\n\t\t\t<div class=\"elementor-spacer-inner\"><\/div>\n\t\t<\/div>\n\t\t\t\t\t\t<\/div>\n\t\t\t\t<\/div>\n\t\t\t\t<div class=\"elementor-element elementor-element-b8eab9f sc_fly_static elementor-widget elementor-widget-trx_sc_title\" data-id=\"b8eab9f\" data-element_type=\"widget\" data-e-type=\"widget\" data-widget_type=\"trx_sc_title.default\">\n\t\t\t\t<div class=\"elementor-widget-container\">\n\t\t\t\t\t<div id=\"trx_sc_title_391092863\"\r\n\t\tclass=\"sc_title sc_title_default\"><span class=\"sc_item_subtitle sc_title_subtitle sc_align_center sc_item_subtitle_above sc_item_title_style_default\">mail us<\/span><h1 class=\"sc_item_title sc_title_title sc_align_center sc_item_title_style_default sc_item_title_tag\"><span class=\"sc_item_title_text\">Have a Question? <br> Drop Us a Line!<\/span><\/h1><\/div><!-- \/.sc_title -->\t\t\t\t<\/div>\n\t\t\t\t<\/div>\n\t\t\t\t<div class=\"elementor-element elementor-element-3b01450 sc_fly_static elementor-widget elementor-widget-spacer\" data-id=\"3b01450\" data-element_type=\"widget\" data-e-type=\"widget\" data-widget_type=\"spacer.default\">\n\t\t\t\t<div class=\"elementor-widget-container\">\n\t\t\t\t\t\t\t<div class=\"elementor-spacer\">\n\t\t\t<div class=\"elementor-spacer-inner\"><\/div>\n\t\t<\/div>\n\t\t\t\t\t\t<\/div>\n\t\t\t\t<\/div>\n\t\t\t\t<div class=\"elementor-element elementor-element-aaf204b sc_fly_static elementor-widget elementor-widget-shortcode\" data-id=\"aaf204b\" data-element_type=\"widget\" data-e-type=\"widget\" data-widget_type=\"shortcode.default\">\n\t\t\t\t<div class=\"elementor-widget-container\">\n\t\t\t\t\t\t\t<div class=\"elementor-shortcode\">\n<div class=\"wpcf7 no-js\" id=\"wpcf7-f82-o1\" lang=\"en-US\" dir=\"ltr\" data-wpcf7-id=\"82\">\n<div class=\"screen-reader-response\"><p role=\"status\" aria-live=\"polite\" aria-atomic=\"true\"><\/p> <ul><\/ul><\/div>\n<form action=\"\/cs\/wp-json\/wp\/v2\/pages\/199#wpcf7-f82-o1\" method=\"post\" class=\"wpcf7-form init\" aria-label=\"Contact form\" novalidate=\"novalidate\" data-status=\"init\">\n<fieldset class=\"hidden-fields-container\"><input type=\"hidden\" name=\"_wpcf7\" value=\"82\" \/><input type=\"hidden\" name=\"_wpcf7_version\" value=\"6.1.5\" \/><input type=\"hidden\" name=\"_wpcf7_locale\" value=\"en_US\" \/><input type=\"hidden\" name=\"_wpcf7_unit_tag\" value=\"wpcf7-f82-o1\" \/><input type=\"hidden\" name=\"_wpcf7_container_post\" value=\"0\" \/><input type=\"hidden\" name=\"_wpcf7_posted_data_hash\" value=\"\" \/>\n<\/fieldset>\n<div class=\"elementor-column-gap-extended\">\n\t<div class=\"elementor-row\">\n\t\t<div class=\"elementor-column elementor-col-50\">\n\t\t\t<div class=\"elementor-column-wrap elementor-element-populated\">\n\t\t\t\t<p><span class=\"wpcf7-form-control-wrap\" data-name=\"your-name\"><input size=\"40\" maxlength=\"400\" class=\"wpcf7-form-control wpcf7-text wpcf7-validates-as-required\" aria-required=\"true\" aria-invalid=\"false\" placeholder=\"Name*\" value=\"\" type=\"text\" name=\"your-name\" \/><\/span>\n\t\t\t\t<\/p>\n\t\t\t<\/div>\n\t\t<\/div>\n\t\t<div class=\"elementor-column elementor-col-50\">\n\t\t\t<div class=\"elementor-column-wrap elementor-element-populated\">\n\t\t\t\t<p><span class=\"wpcf7-form-control-wrap\" data-name=\"your-email\"><input size=\"40\" maxlength=\"400\" class=\"wpcf7-form-control wpcf7-email wpcf7-validates-as-required wpcf7-text wpcf7-validates-as-email\" aria-required=\"true\" aria-invalid=\"false\" placeholder=\"Email*\" value=\"\" type=\"email\" name=\"your-email\" \/><\/span>\n\t\t\t\t<\/p>\n\t\t\t<\/div>\n\t\t<\/div>\n\t<\/div>\n<\/div>\n<div class=\"elementor-column-gap-extended\">\n\t<div class=\"elementor-row\">\n\t\t<div class=\"elementor-column elementor-col-100\">\n\t\t\t<div class=\"elementor-column-wrap elementor-element-populated\">\n\t\t\t\t<p><span class=\"wpcf7-form-control-wrap\" data-name=\"your-message\"><textarea cols=\"40\" rows=\"10\" maxlength=\"2000\" class=\"wpcf7-form-control wpcf7-textarea\" aria-invalid=\"false\" placeholder=\"Message\" name=\"your-message\"><\/textarea><\/span>\n\t\t\t\t<\/p>\n\t\t\t<\/div>\n\t\t<\/div>\n\t<\/div>\n<\/div>\n<div class=\"text\">\n\t<p><span class=\"wpcf7-form-control-wrap\" data-name=\"acceptance-486\"><span class=\"wpcf7-form-control wpcf7-acceptance\"><span class=\"wpcf7-list-item\"><label><input type=\"checkbox\" name=\"acceptance-486\" value=\"1\" aria-invalid=\"false\" \/><span class=\"wpcf7-list-item-label\">I agree that my submitted data is being collected and stored.<\/span><\/label><\/span><\/span><\/span>\n\t<\/p>\n<\/div>\n<div class=\"text\">\n\t<p><span class=\"wpcf7-form-control-wrap\" data-name=\"hcap-cf7\">\t\t<input\n\t\t\t\ttype=\"hidden\"\n\t\t\t\tclass=\"hcaptcha-widget-id\"\n\t\t\t\tname=\"hcaptcha-widget-id\"\n\t\t\t\tvalue=\"eyJzb3VyY2UiOlsiY29udGFjdC1mb3JtLTdcL3dwLWNvbnRhY3QtZm9ybS03LnBocCJdLCJmb3JtX2lkIjo4Mn0=-97de3683f3b782899ca290cbfa0f905c\">\n\t\t\t\t<span id=\"hcap_cf7-69f60ddc10b406.56614694\" class=\"wpcf7-form-control h-captcha \"\n\t\t\tdata-sitekey=\"235d255d-4eab-430d-bb75-8f98d074169e\"\n\t\t\tdata-theme=\"light\"\n\t\t\tdata-size=\"normal\"\n\t\t\tdata-auto=\"false\"\n\t\t\tdata-ajax=\"false\"\n\t\t\tdata-force=\"false\">\n\t\t<\/span>\n\t\t<input type=\"hidden\" id=\"_wpnonce\" name=\"_wpnonce\" value=\"aa94ff8135\" \/><input type=\"hidden\" name=\"_wp_http_referer\" value=\"\/cs\/wp-json\/wp\/v2\/pages\/199\" \/><\/span><input class=\"wpcf7-form-control wpcf7-submit has-spinner\" type=\"submit\" value=\"Send message\" \/>\n\t<\/p>\n<\/div><div class=\"wpcf7-response-output\" aria-hidden=\"true\"><\/div>\n<\/form>\n<\/div>\n<\/div>\n\t\t\t\t\t\t<\/div>\n\t\t\t\t<\/div>\n\t\t\t\t\t<\/div>\n\t\t<\/div>\n\t\t\t\t\t<\/div>\n\t\t<\/section>\n\t\t\t\t<\/div>\n\t\t","protected":false},"excerpt":{"rendered":"<p>PRAMEN\u00cd, o.P.S. I\u010c: 26704811Address: Salv\u00e1torsk\u00e1 931\/8, Praha, 110 00Legal form: Obecn\u011b prosp\u011b\u0161n\u00e1 spole\u010dnostDate of formation: 17. 7. 2002 MAIL kontakt@prameni.cz Our team Contacts Jenne Magno Co-founder and project initiator Tereza&hellip;<\/p>","protected":false},"author":1,"featured_media":7436,"parent":0,"menu_order":0,"comment_status":"closed","ping_status":"closed","template":"","meta":{"give_campaign_id":0,"footnotes":""},"class_list":["post-199","page","type-page","status-publish","has-post-thumbnail","hentry"],"campaignId":"","_links":{"self":[{"href":"https:\/\/prameni.cz\/cs\/wp-json\/wp\/v2\/pages\/199","targetHints":{"allow":["GET"]}}],"collection":[{"href":"https:\/\/prameni.cz\/cs\/wp-json\/wp\/v2\/pages"}],"about":[{"href":"https:\/\/prameni.cz\/cs\/wp-json\/wp\/v2\/types\/page"}],"author":[{"embeddable":true,"href":"https:\/\/prameni.cz\/cs\/wp-json\/wp\/v2\/users\/1"}],"replies":[{"embeddable":true,"href":"https:\/\/prameni.cz\/cs\/wp-json\/wp\/v2\/comments?post=199"}],"version-history":[{"count":45,"href":"https:\/\/prameni.cz\/cs\/wp-json\/wp\/v2\/pages\/199\/revisions"}],"predecessor-version":[{"id":7482,"href":"https:\/\/prameni.cz\/cs\/wp-json\/wp\/v2\/pages\/199\/revisions\/7482"}],"wp:featuredmedia":[{"embeddable":true,"href":"https:\/\/prameni.cz\/cs\/wp-json\/wp\/v2\/media\/7436"}],"wp:attachment":[{"href":"https:\/\/prameni.cz\/cs\/wp-json\/wp\/v2\/media?parent=199"}],"curies":[{"name":"wp","href":"https:\/\/api.w.org\/{rel}","templated":true}]}}